{"id":539,"date":"2018-10-29T20:29:52","date_gmt":"2018-10-29T19:29:52","guid":{"rendered":"http:\/\/plumeriapassion.com\/?page_id=539"},"modified":"2020-02-10T19:07:08","modified_gmt":"2020-02-10T18:07:08","slug":"lentreprise-2","status":"publish","type":"page","link":"https:\/\/plumeriapassion.com\/index.php\/lentreprise-2\/","title":{"rendered":"L&rsquo;ENTREPRISE"},"content":{"rendered":"\t\t<div data-elementor-type=\"wp-post\" data-elementor-id=\"539\" class=\"elementor elementor-539\" data-elementor-settings=\"[]\">\n\t\t\t\t\t\t<div class=\"elementor-inner\">\n\t\t\t\t\t\t\t<div class=\"elementor-section-wrap\">\n\t\t\t\t\t\t\t<section class=\"elementor-section elementor-top-section elementor-element elementor-element-dab58e4 elementor-section-boxed elementor-section-height-default elementor-section-height-default\" data-id=\"dab58e4\" data-element_type=\"section\">\n\t\t\t\t\t\t<div class=\"elementor-container elementor-column-gap-default\">\n\t\t\t\t\t\t\t<div class=\"elementor-row\">\n\t\t\t\t\t<div class=\"elementor-column elementor-col-100 elementor-top-column elementor-element elementor-element-4be8c0f\" data-id=\"4be8c0f\" data-element_type=\"column\">\n\t\t\t<div class=\"elementor-column-wrap elementor-element-populated\">\n\t\t\t\t\t\t\t<div class=\"elementor-widget-wrap\">\n\t\t\t\t\t\t<div class=\"elementor-element elementor-element-43d18ba elementor-widget elementor-widget-image\" data-id=\"43d18ba\" data-element_type=\"widget\" data-widget_type=\"image.default\">\n\t\t\t\t<div class=\"elementor-widget-container\">\n\t\t\t\t\t\t\t\t<div class=\"elementor-image\">\n\t\t\t\t\t\t\t\t\t\t\t\t<img loading=\"lazy\" decoding=\"async\" width=\"281\" height=\"300\" src=\"https:\/\/i0.wp.com\/plumeriapassion.com\/wp-content\/uploads\/2019\/01\/france-carte1-jpeg-france.jpg?fit=281%2C300&amp;ssl=1\" class=\"attachment-medium size-medium\" alt=\"\" srcset=\"https:\/\/i0.wp.com\/plumeriapassion.com\/wp-content\/uploads\/2019\/01\/france-carte1-jpeg-france.jpg?w=900&amp;ssl=1 900w, https:\/\/i0.wp.com\/plumeriapassion.com\/wp-content\/uploads\/2019\/01\/france-carte1-jpeg-france.jpg?resize=281%2C300&amp;ssl=1 281w, https:\/\/i0.wp.com\/plumeriapassion.com\/wp-content\/uploads\/2019\/01\/france-carte1-jpeg-france.jpg?resize=768%2C819&amp;ssl=1 768w, https:\/\/i0.wp.com\/plumeriapassion.com\/wp-content\/uploads\/2019\/01\/france-carte1-jpeg-france.jpg?resize=600%2C640&amp;ssl=1 600w\" sizes=\"auto, (max-width: 281px) 100vw, 281px\" data-attachment-id=\"775\" data-permalink=\"https:\/\/plumeriapassion.com\/index.php\/lentreprise-2\/france-carte1-jpeg-france\/\" data-orig-file=\"https:\/\/i0.wp.com\/plumeriapassion.com\/wp-content\/uploads\/2019\/01\/france-carte1-jpeg-france.jpg?fit=900%2C960&amp;ssl=1\" data-orig-size=\"900,960\" data-comments-opened=\"0\" data-image-meta=\"{&quot;aperture&quot;:&quot;0&quot;,&quot;credit&quot;:&quot;&quot;,&quot;camera&quot;:&quot;&quot;,&quot;caption&quot;:&quot;&quot;,&quot;created_timestamp&quot;:&quot;0&quot;,&quot;copyright&quot;:&quot;&quot;,&quot;focal_length&quot;:&quot;0&quot;,&quot;iso&quot;:&quot;0&quot;,&quot;shutter_speed&quot;:&quot;0&quot;,&quot;title&quot;:&quot;&quot;,&quot;orientation&quot;:&quot;0&quot;}\" data-image-title=\"france carte1 jpeg france\" data-image-description=\"\" data-image-caption=\"\" data-medium-file=\"https:\/\/i0.wp.com\/plumeriapassion.com\/wp-content\/uploads\/2019\/01\/france-carte1-jpeg-france.jpg?fit=281%2C300&amp;ssl=1\" data-large-file=\"https:\/\/i0.wp.com\/plumeriapassion.com\/wp-content\/uploads\/2019\/01\/france-carte1-jpeg-france.jpg?fit=900%2C960&amp;ssl=1\" \/>\t\t\t\t\t\t\t\t\t\t\t\t\t\t<\/div>\n\t\t\t\t\t\t<\/div>\n\t\t\t\t<\/div>\n\t\t\t\t\t\t<\/div>\n\t\t\t\t\t<\/div>\n\t\t<\/div>\n\t\t\t\t\t\t\t\t<\/div>\n\t\t\t\t\t<\/div>\n\t\t<\/section>\n\t\t\t\t<section class=\"elementor-section elementor-top-section elementor-element elementor-element-cf43ead elementor-section-boxed elementor-section-height-default elementor-section-height-default\" data-id=\"cf43ead\" data-element_type=\"section\">\n\t\t\t\t\t\t<div class=\"elementor-container elementor-column-gap-default\">\n\t\t\t\t\t\t\t<div class=\"elementor-row\">\n\t\t\t\t\t<div class=\"elementor-column elementor-col-100 elementor-top-column elementor-element elementor-element-de613fa\" data-id=\"de613fa\" data-element_type=\"column\">\n\t\t\t<div class=\"elementor-column-wrap elementor-element-populated\">\n\t\t\t\t\t\t\t<div class=\"elementor-widget-wrap\">\n\t\t\t\t\t\t<div class=\"elementor-element elementor-element-ee3ad9f elementor-widget elementor-widget-text-editor\" data-id=\"ee3ad9f\" data-element_type=\"widget\" data-widget_type=\"text-editor.default\">\n\t\t\t\t<div class=\"elementor-widget-container\">\n\t\t\t\t\t\t\t\t<div class=\"elementor-text-editor elementor-clearfix\">\n\t\t\t\t<ul><li>Notre petite exploitation \u00e0 \u00e9chelle humaine se situe dans l\u2019H\u00e9rault. Nous nous effor\u00e7ons de produire nos plants nous m\u00eame afin de garantir une tra\u00e7abilit\u00e9 et une qualit\u00e9 optimale.<\/li><\/ul><ul><li>Nos plants sont issus de graines ce qui laisse de belles surprises lors de la premi\u00e8re floraison. Chaque frangipanier (plumeria) issu de graines est unique et peut avoir une couleur et une odeur vraiment diff\u00e9rente de sa plante m\u00e8re.<\/li><\/ul><ul><li>Si vous souhaitez une vari\u00e9t\u00e9 pr\u00e9cise nous proc\u00e9dons par bouture pour vous garantir une floraison identique \u00e0 celle propos\u00e9e. Nos stocks de boutures sont tr\u00e8s limit\u00e9s. Nous privil\u00e9gions les graines afin de cr\u00e9er de nouvelles vari\u00e9t\u00e9s. Par exp\u00e9rience nous trouvons les plans issus de graines bien plus vigoureux et robustes que les boutures.<\/li><\/ul><ul><li>Nous produisons \u00e0 100% nos frangipaniers.<\/li><\/ul><ul><li>Produits en France ils sont acclimat\u00e9s et r\u00e9sistent mieux au froid (3\u00b0c min)<\/li><\/ul><ul><li>Vous pouvez nous retrouver sur de nombreux march\u00e9s du sud de la France durant la p\u00e9riode estivale. Nous avons fait le choix de favoriser un commerce de proximit\u00e9 pour d\u00e9velopper l&rsquo;\u00e9conomie locale.<\/li><\/ul>\t\t\t\t\t<\/div>\n\t\t\t\t\t\t<\/div>\n\t\t\t\t<\/div>\n\t\t\t\t\t\t<\/div>\n\t\t\t\t\t<\/div>\n\t\t<\/div>\n\t\t\t\t\t\t\t\t<\/div>\n\t\t\t\t\t<\/div>\n\t\t<\/section>\n\t\t\t\t\t\t<\/div>\n\t\t\t\t\t\t<\/div>\n\t\t\t\t\t<\/div>\n\t\t","protected":false},"excerpt":{"rendered":"<p>Notre petite exploitation \u00e0 \u00e9chelle humaine se situe dans l\u2019H\u00e9rault. Nous nous effor\u00e7ons de produire nos plants nous m\u00eame afin de garantir une tra\u00e7abilit\u00e9 et une qualit\u00e9 optimale. Nos plants sont issus de graines ce qui laisse de belles surprises lors de la premi\u00e8re floraison. Chaque frangipanier (plumeria) issu de graines est unique et peut [&hellip;]<\/p>\n","protected":false},"author":6,"featured_media":0,"parent":0,"menu_order":0,"comment_status":"closed","ping_status":"closed","template":"","meta":{"jetpack_post_was_ever_published":false,"footnotes":""},"class_list":["post-539","page","type-page","status-publish","hentry"],"yoast_head":"<!-- This site is optimized with the Yoast SEO plugin v24.8.1 - https:\/\/yoast.com\/wordpress\/plugins\/seo\/ -->\n<title>Producteur de frangipanier - PLUMERIA PASSION - qui sommes-nous!<\/title>\n<meta name=\"description\" content=\"Producteur de frangipanier, notre exploitation se situe dans l&#039;H\u00e9rault. Nous nous effor\u00e7ons de produire nos plans de frangipanier avec le plus grand soin.\" \/>\n<meta name=\"robots\" content=\"index, follow, max-snippet:-1, max-image-preview:large, max-video-preview:-1\" \/>\n<link rel=\"canonical\" href=\"https:\/\/plumeriapassion.com\/index.php\/lentreprise-2\/\" \/>\n<meta property=\"og:locale\" content=\"fr_FR\" \/>\n<meta property=\"og:type\" content=\"article\" \/>\n<meta property=\"og:title\" content=\"Producteur de frangipanier - PLUMERIA PASSION - qui sommes-nous!\" \/>\n<meta property=\"og:description\" content=\"Producteur de frangipanier, notre exploitation se situe dans l&#039;H\u00e9rault. Nous nous effor\u00e7ons de produire nos plans de frangipanier avec le plus grand soin.\" \/>\n<meta property=\"og:url\" content=\"https:\/\/plumeriapassion.com\/index.php\/lentreprise-2\/\" \/>\n<meta property=\"article:modified_time\" content=\"2020-02-10T18:07:08+00:00\" \/>\n<meta property=\"og:image\" content=\"https:\/\/plumeriapassion.com\/wp-content\/uploads\/2019\/01\/france-carte1-jpeg-france-281x300.jpg\" \/>\n<meta name=\"twitter:card\" content=\"summary_large_image\" \/>\n<meta name=\"twitter:label1\" content=\"Dur\u00e9e de lecture estim\u00e9e\" \/>\n\t<meta name=\"twitter:data1\" content=\"1 minute\" \/>\n<script type=\"application\/ld+json\" class=\"yoast-schema-graph\">{\"@context\":\"https:\/\/schema.org\",\"@graph\":[{\"@type\":\"WebPage\",\"@id\":\"https:\/\/plumeriapassion.com\/index.php\/lentreprise-2\/\",\"url\":\"https:\/\/plumeriapassion.com\/index.php\/lentreprise-2\/\",\"name\":\"Producteur de frangipanier - PLUMERIA PASSION - qui sommes-nous!\",\"isPartOf\":{\"@id\":\"https:\/\/plumeriapassion.com\/#website\"},\"primaryImageOfPage\":{\"@id\":\"https:\/\/plumeriapassion.com\/index.php\/lentreprise-2\/#primaryimage\"},\"image\":{\"@id\":\"https:\/\/plumeriapassion.com\/index.php\/lentreprise-2\/#primaryimage\"},\"thumbnailUrl\":\"https:\/\/plumeriapassion.com\/wp-content\/uploads\/2019\/01\/france-carte1-jpeg-france-281x300.jpg\",\"datePublished\":\"2018-10-29T19:29:52+00:00\",\"dateModified\":\"2020-02-10T18:07:08+00:00\",\"description\":\"Producteur de frangipanier, notre exploitation se situe dans l'H\u00e9rault. Nous nous effor\u00e7ons de produire nos plans de frangipanier avec le plus grand soin.\",\"breadcrumb\":{\"@id\":\"https:\/\/plumeriapassion.com\/index.php\/lentreprise-2\/#breadcrumb\"},\"inLanguage\":\"fr-FR\",\"potentialAction\":[{\"@type\":\"ReadAction\",\"target\":[\"https:\/\/plumeriapassion.com\/index.php\/lentreprise-2\/\"]}]},{\"@type\":\"ImageObject\",\"inLanguage\":\"fr-FR\",\"@id\":\"https:\/\/plumeriapassion.com\/index.php\/lentreprise-2\/#primaryimage\",\"url\":\"https:\/\/i0.wp.com\/plumeriapassion.com\/wp-content\/uploads\/2019\/01\/france-carte1-jpeg-france.jpg?fit=900%2C960&ssl=1\",\"contentUrl\":\"https:\/\/i0.wp.com\/plumeriapassion.com\/wp-content\/uploads\/2019\/01\/france-carte1-jpeg-france.jpg?fit=900%2C960&ssl=1\",\"width\":900,\"height\":960},{\"@type\":\"BreadcrumbList\",\"@id\":\"https:\/\/plumeriapassion.com\/index.php\/lentreprise-2\/#breadcrumb\",\"itemListElement\":[{\"@type\":\"ListItem\",\"position\":1,\"name\":\"Accueil\",\"item\":\"https:\/\/plumeriapassion.com\/\"},{\"@type\":\"ListItem\",\"position\":2,\"name\":\"L&#8217;ENTREPRISE\"}]},{\"@type\":\"WebSite\",\"@id\":\"https:\/\/plumeriapassion.com\/#website\",\"url\":\"https:\/\/plumeriapassion.com\/\",\"name\":\"PLUMERIA PASSION\",\"description\":\"\",\"publisher\":{\"@id\":\"https:\/\/plumeriapassion.com\/#organization\"},\"potentialAction\":[{\"@type\":\"SearchAction\",\"target\":{\"@type\":\"EntryPoint\",\"urlTemplate\":\"https:\/\/plumeriapassion.com\/?s={search_term_string}\"},\"query-input\":{\"@type\":\"PropertyValueSpecification\",\"valueRequired\":true,\"valueName\":\"search_term_string\"}}],\"inLanguage\":\"fr-FR\"},{\"@type\":\"Organization\",\"@id\":\"https:\/\/plumeriapassion.com\/#organization\",\"name\":\"Plumeria Passion\",\"url\":\"https:\/\/plumeriapassion.com\/\",\"logo\":{\"@type\":\"ImageObject\",\"inLanguage\":\"fr-FR\",\"@id\":\"https:\/\/plumeriapassion.com\/#\/schema\/logo\/image\/\",\"url\":\"https:\/\/i2.wp.com\/plumeriapassion.com\/wp-content\/uploads\/2018\/04\/TEST-1.jpg?fit=781%2C495&ssl=1\",\"contentUrl\":\"https:\/\/i2.wp.com\/plumeriapassion.com\/wp-content\/uploads\/2018\/04\/TEST-1.jpg?fit=781%2C495&ssl=1\",\"width\":781,\"height\":495,\"caption\":\"Plumeria Passion\"},\"image\":{\"@id\":\"https:\/\/plumeriapassion.com\/#\/schema\/logo\/image\/\"},\"sameAs\":[\"https:\/\/www.instagram.com\/plumeriapassion\/\"]}]}<\/script>\n<!-- \/ Yoast SEO plugin. -->","yoast_head_json":{"title":"Producteur de frangipanier - PLUMERIA PASSION - qui sommes-nous!","description":"Producteur de frangipanier, notre exploitation se situe dans l'H\u00e9rault. Nous nous effor\u00e7ons de produire nos plans de frangipanier avec le plus grand soin.","robots":{"index":"index","follow":"follow","max-snippet":"max-snippet:-1","max-image-preview":"max-image-preview:large","max-video-preview":"max-video-preview:-1"},"canonical":"https:\/\/plumeriapassion.com\/index.php\/lentreprise-2\/","og_locale":"fr_FR","og_type":"article","og_title":"Producteur de frangipanier - PLUMERIA PASSION - qui sommes-nous!","og_description":"Producteur de frangipanier, notre exploitation se situe dans l'H\u00e9rault. Nous nous effor\u00e7ons de produire nos plans de frangipanier avec le plus grand soin.","og_url":"https:\/\/plumeriapassion.com\/index.php\/lentreprise-2\/","article_modified_time":"2020-02-10T18:07:08+00:00","og_image":[{"url":"https:\/\/plumeriapassion.com\/wp-content\/uploads\/2019\/01\/france-carte1-jpeg-france-281x300.jpg","type":"","width":"","height":""}],"twitter_card":"summary_large_image","twitter_misc":{"Dur\u00e9e de lecture estim\u00e9e":"1 minute"},"schema":{"@context":"https:\/\/schema.org","@graph":[{"@type":"WebPage","@id":"https:\/\/plumeriapassion.com\/index.php\/lentreprise-2\/","url":"https:\/\/plumeriapassion.com\/index.php\/lentreprise-2\/","name":"Producteur de frangipanier - PLUMERIA PASSION - qui sommes-nous!","isPartOf":{"@id":"https:\/\/plumeriapassion.com\/#website"},"primaryImageOfPage":{"@id":"https:\/\/plumeriapassion.com\/index.php\/lentreprise-2\/#primaryimage"},"image":{"@id":"https:\/\/plumeriapassion.com\/index.php\/lentreprise-2\/#primaryimage"},"thumbnailUrl":"https:\/\/plumeriapassion.com\/wp-content\/uploads\/2019\/01\/france-carte1-jpeg-france-281x300.jpg","datePublished":"2018-10-29T19:29:52+00:00","dateModified":"2020-02-10T18:07:08+00:00","description":"Producteur de frangipanier, notre exploitation se situe dans l'H\u00e9rault. Nous nous effor\u00e7ons de produire nos plans de frangipanier avec le plus grand soin.","breadcrumb":{"@id":"https:\/\/plumeriapassion.com\/index.php\/lentreprise-2\/#breadcrumb"},"inLanguage":"fr-FR","potentialAction":[{"@type":"ReadAction","target":["https:\/\/plumeriapassion.com\/index.php\/lentreprise-2\/"]}]},{"@type":"ImageObject","inLanguage":"fr-FR","@id":"https:\/\/plumeriapassion.com\/index.php\/lentreprise-2\/#primaryimage","url":"https:\/\/i0.wp.com\/plumeriapassion.com\/wp-content\/uploads\/2019\/01\/france-carte1-jpeg-france.jpg?fit=900%2C960&ssl=1","contentUrl":"https:\/\/i0.wp.com\/plumeriapassion.com\/wp-content\/uploads\/2019\/01\/france-carte1-jpeg-france.jpg?fit=900%2C960&ssl=1","width":900,"height":960},{"@type":"BreadcrumbList","@id":"https:\/\/plumeriapassion.com\/index.php\/lentreprise-2\/#breadcrumb","itemListElement":[{"@type":"ListItem","position":1,"name":"Accueil","item":"https:\/\/plumeriapassion.com\/"},{"@type":"ListItem","position":2,"name":"L&#8217;ENTREPRISE"}]},{"@type":"WebSite","@id":"https:\/\/plumeriapassion.com\/#website","url":"https:\/\/plumeriapassion.com\/","name":"PLUMERIA PASSION","description":"","publisher":{"@id":"https:\/\/plumeriapassion.com\/#organization"},"potentialAction":[{"@type":"SearchAction","target":{"@type":"EntryPoint","urlTemplate":"https:\/\/plumeriapassion.com\/?s={search_term_string}"},"query-input":{"@type":"PropertyValueSpecification","valueRequired":true,"valueName":"search_term_string"}}],"inLanguage":"fr-FR"},{"@type":"Organization","@id":"https:\/\/plumeriapassion.com\/#organization","name":"Plumeria Passion","url":"https:\/\/plumeriapassion.com\/","logo":{"@type":"ImageObject","inLanguage":"fr-FR","@id":"https:\/\/plumeriapassion.com\/#\/schema\/logo\/image\/","url":"https:\/\/i2.wp.com\/plumeriapassion.com\/wp-content\/uploads\/2018\/04\/TEST-1.jpg?fit=781%2C495&ssl=1","contentUrl":"https:\/\/i2.wp.com\/plumeriapassion.com\/wp-content\/uploads\/2018\/04\/TEST-1.jpg?fit=781%2C495&ssl=1","width":781,"height":495,"caption":"Plumeria Passion"},"image":{"@id":"https:\/\/plumeriapassion.com\/#\/schema\/logo\/image\/"},"sameAs":["https:\/\/www.instagram.com\/plumeriapassion\/"]}]}},"jetpack_sharing_enabled":true,"jetpack_shortlink":"https:\/\/wp.me\/P9PiFE-8H","jetpack_likes_enabled":true,"jetpack-related-posts":[],"_links":{"self":[{"href":"https:\/\/plumeriapassion.com\/index.php\/wp-json\/wp\/v2\/pages\/539","targetHints":{"allow":["GET"]}}],"collection":[{"href":"https:\/\/plumeriapassion.com\/index.php\/wp-json\/wp\/v2\/pages"}],"about":[{"href":"https:\/\/plumeriapassion.com\/index.php\/wp-json\/wp\/v2\/types\/page"}],"author":[{"embeddable":true,"href":"https:\/\/plumeriapassion.com\/index.php\/wp-json\/wp\/v2\/users\/6"}],"replies":[{"embeddable":true,"href":"https:\/\/plumeriapassion.com\/index.php\/wp-json\/wp\/v2\/comments?post=539"}],"version-history":[{"count":22,"href":"https:\/\/plumeriapassion.com\/index.php\/wp-json\/wp\/v2\/pages\/539\/revisions"}],"predecessor-version":[{"id":1130,"href":"https:\/\/plumeriapassion.com\/index.php\/wp-json\/wp\/v2\/pages\/539\/revisions\/1130"}],"wp:attachment":[{"href":"https:\/\/plumeriapassion.com\/index.php\/wp-json\/wp\/v2\/media?parent=539"}],"curies":[{"name":"wp","href":"https:\/\/api.w.org\/{rel}","templated":true}]}}