{"id":516,"date":"2018-10-21T22:44:41","date_gmt":"2018-10-21T20:44:41","guid":{"rendered":"http:\/\/plumeriapassion.com\/?page_id=516"},"modified":"2019-09-08T11:23:37","modified_gmt":"2019-09-08T09:23:37","slug":"feuille-symptomes","status":"publish","type":"page","link":"https:\/\/plumeriapassion.com\/index.php\/feuille-symptomes\/","title":{"rendered":"maladie du frangipanier"},"content":{"rendered":"\t\t<div data-elementor-type=\"wp-post\" data-elementor-id=\"516\" class=\"elementor elementor-516\" data-elementor-settings=\"[]\">\n\t\t\t\t\t\t<div class=\"elementor-inner\">\n\t\t\t\t\t\t\t<div class=\"elementor-section-wrap\">\n\t\t\t\t\t\t\t<section class=\"elementor-section elementor-top-section elementor-element elementor-element-059da3b elementor-section-boxed elementor-section-height-default elementor-section-height-default\" data-id=\"059da3b\" data-element_type=\"section\">\n\t\t\t\t\t\t<div class=\"elementor-container elementor-column-gap-default\">\n\t\t\t\t\t\t\t<div class=\"elementor-row\">\n\t\t\t\t\t<div class=\"elementor-column elementor-col-100 elementor-top-column elementor-element elementor-element-aab9f3b\" data-id=\"aab9f3b\" data-element_type=\"column\">\n\t\t\t<div class=\"elementor-column-wrap elementor-element-populated\">\n\t\t\t\t\t\t\t<div class=\"elementor-widget-wrap\">\n\t\t\t\t\t\t<div class=\"elementor-element elementor-element-da2bbfa elementor-widget elementor-widget-heading\" data-id=\"da2bbfa\" data-element_type=\"widget\" data-widget_type=\"heading.default\">\n\t\t\t\t<div class=\"elementor-widget-container\">\n\t\t\t<h2 class=\"elementor-heading-title elementor-size-default\">Araign\u00e9e<\/h2>\t\t<\/div>\n\t\t\t\t<\/div>\n\t\t\t\t\t\t<\/div>\n\t\t\t\t\t<\/div>\n\t\t<\/div>\n\t\t\t\t\t\t\t\t<\/div>\n\t\t\t\t\t<\/div>\n\t\t<\/section>\n\t\t\t\t<section class=\"elementor-section elementor-top-section elementor-element elementor-element-fca5ef7 elementor-section-boxed elementor-section-height-default elementor-section-height-default\" data-id=\"fca5ef7\" data-element_type=\"section\">\n\t\t\t\t\t\t<div class=\"elementor-container elementor-column-gap-default\">\n\t\t\t\t\t\t\t<div class=\"elementor-row\">\n\t\t\t\t\t<div class=\"elementor-column elementor-col-100 elementor-top-column elementor-element elementor-element-49827c3\" data-id=\"49827c3\" data-element_type=\"column\">\n\t\t\t<div class=\"elementor-column-wrap elementor-element-populated\">\n\t\t\t\t\t\t\t<div class=\"elementor-widget-wrap\">\n\t\t\t\t\t\t<div class=\"elementor-element elementor-element-215d591 elementor-widget elementor-widget-image\" data-id=\"215d591\" data-element_type=\"widget\" data-widget_type=\"image.default\">\n\t\t\t\t<div class=\"elementor-widget-container\">\n\t\t\t\t\t\t\t\t<div class=\"elementor-image\">\n\t\t\t\t\t\t\t\t\t\t\t\t\t<a href=\"https:\/\/plumeriapassion.com\/index.php\/entretien-frangipanier-2\/\">\n\t\t\t\t\t\t\t<img loading=\"lazy\" decoding=\"async\" width=\"768\" height=\"1024\" src=\"https:\/\/i0.wp.com\/plumeriapassion.com\/wp-content\/uploads\/2018\/10\/20181020_164336.jpg?fit=768%2C1024&amp;ssl=1\" class=\"attachment-large size-large\" alt=\"\" srcset=\"https:\/\/i0.wp.com\/plumeriapassion.com\/wp-content\/uploads\/2018\/10\/20181020_164336.jpg?w=3024&amp;ssl=1 3024w, https:\/\/i0.wp.com\/plumeriapassion.com\/wp-content\/uploads\/2018\/10\/20181020_164336.jpg?resize=225%2C300&amp;ssl=1 225w, https:\/\/i0.wp.com\/plumeriapassion.com\/wp-content\/uploads\/2018\/10\/20181020_164336.jpg?resize=768%2C1024&amp;ssl=1 768w, https:\/\/i0.wp.com\/plumeriapassion.com\/wp-content\/uploads\/2018\/10\/20181020_164336.jpg?resize=600%2C800&amp;ssl=1 600w, https:\/\/i0.wp.com\/plumeriapassion.com\/wp-content\/uploads\/2018\/10\/20181020_164336.jpg?w=2340&amp;ssl=1 2340w\" sizes=\"auto, (max-width: 768px) 100vw, 768px\" data-attachment-id=\"514\" data-permalink=\"https:\/\/plumeriapassion.com\/index.php\/la-culture\/20181020_164336\/\" data-orig-file=\"https:\/\/i0.wp.com\/plumeriapassion.com\/wp-content\/uploads\/2018\/10\/20181020_164336.jpg?fit=3024%2C4032&amp;ssl=1\" data-orig-size=\"3024,4032\" data-comments-opened=\"1\" data-image-meta=\"{&quot;aperture&quot;:&quot;1.7&quot;,&quot;credit&quot;:&quot;&quot;,&quot;camera&quot;:&quot;SM-G935F&quot;,&quot;caption&quot;:&quot;&quot;,&quot;created_timestamp&quot;:&quot;1540053816&quot;,&quot;copyright&quot;:&quot;&quot;,&quot;focal_length&quot;:&quot;4.2&quot;,&quot;iso&quot;:&quot;40&quot;,&quot;shutter_speed&quot;:&quot;0.003968253968254&quot;,&quot;title&quot;:&quot;&quot;,&quot;orientation&quot;:&quot;1&quot;}\" data-image-title=\"20181020_164336\" data-image-description=\"\" data-image-caption=\"\" data-medium-file=\"https:\/\/i0.wp.com\/plumeriapassion.com\/wp-content\/uploads\/2018\/10\/20181020_164336.jpg?fit=225%2C300&amp;ssl=1\" data-large-file=\"https:\/\/i0.wp.com\/plumeriapassion.com\/wp-content\/uploads\/2018\/10\/20181020_164336.jpg?fit=768%2C1024&amp;ssl=1\" \/>\t\t\t\t\t\t\t\t<\/a>\n\t\t\t\t\t\t\t\t\t\t\t\t\t\t<\/div>\n\t\t\t\t\t\t<\/div>\n\t\t\t\t<\/div>\n\t\t\t\t<div class=\"elementor-element elementor-element-50ffc06 elementor-widget elementor-widget-spacer\" data-id=\"50ffc06\" data-element_type=\"widget\" data-widget_type=\"spacer.default\">\n\t\t\t\t<div class=\"elementor-widget-container\">\n\t\t\t\t\t<div class=\"elementor-spacer\">\n\t\t\t<div class=\"elementor-spacer-inner\"><\/div>\n\t\t<\/div>\n\t\t\t\t<\/div>\n\t\t\t\t<\/div>\n\t\t\t\t\t\t<\/div>\n\t\t\t\t\t<\/div>\n\t\t<\/div>\n\t\t\t\t\t\t\t\t<\/div>\n\t\t\t\t\t<\/div>\n\t\t<\/section>\n\t\t\t\t<section class=\"elementor-section elementor-top-section elementor-element elementor-element-b4edbe9 elementor-section-boxed elementor-section-height-default elementor-section-height-default\" data-id=\"b4edbe9\" data-element_type=\"section\">\n\t\t\t\t\t\t<div class=\"elementor-container elementor-column-gap-default\">\n\t\t\t\t\t\t\t<div class=\"elementor-row\">\n\t\t\t\t\t<div class=\"elementor-column elementor-col-100 elementor-top-column elementor-element elementor-element-00def39\" data-id=\"00def39\" data-element_type=\"column\">\n\t\t\t<div class=\"elementor-column-wrap elementor-element-populated\">\n\t\t\t\t\t\t\t<div class=\"elementor-widget-wrap\">\n\t\t\t\t\t\t<div class=\"elementor-element elementor-element-d5afa9c elementor-widget elementor-widget-heading\" data-id=\"d5afa9c\" data-element_type=\"widget\" data-widget_type=\"heading.default\">\n\t\t\t\t<div class=\"elementor-widget-container\">\n\t\t\t<h2 class=\"elementor-heading-title elementor-size-default\">Puceron<\/h2>\t\t<\/div>\n\t\t\t\t<\/div>\n\t\t\t\t\t\t<\/div>\n\t\t\t\t\t<\/div>\n\t\t<\/div>\n\t\t\t\t\t\t\t\t<\/div>\n\t\t\t\t\t<\/div>\n\t\t<\/section>\n\t\t\t\t<section class=\"elementor-section elementor-top-section elementor-element elementor-element-a843f91 elementor-section-boxed elementor-section-height-default elementor-section-height-default\" data-id=\"a843f91\" data-element_type=\"section\">\n\t\t\t\t\t\t<div class=\"elementor-container elementor-column-gap-default\">\n\t\t\t\t\t\t\t<div class=\"elementor-row\">\n\t\t\t\t\t<div class=\"elementor-column elementor-col-100 elementor-top-column elementor-element elementor-element-1ae6c7e\" data-id=\"1ae6c7e\" data-element_type=\"column\">\n\t\t\t<div class=\"elementor-column-wrap elementor-element-populated\">\n\t\t\t\t\t\t\t<div class=\"elementor-widget-wrap\">\n\t\t\t\t\t\t<div class=\"elementor-element elementor-element-2bdf405 elementor-widget elementor-widget-image\" data-id=\"2bdf405\" data-element_type=\"widget\" data-widget_type=\"image.default\">\n\t\t\t\t<div class=\"elementor-widget-container\">\n\t\t\t\t\t\t\t\t<div class=\"elementor-image\">\n\t\t\t\t\t\t\t\t\t\t\t\t<img loading=\"lazy\" decoding=\"async\" width=\"768\" height=\"1024\" src=\"https:\/\/i0.wp.com\/plumeriapassion.com\/wp-content\/uploads\/2018\/10\/20181020_164215.jpg?fit=768%2C1024&amp;ssl=1\" class=\"attachment-large size-large\" alt=\"\" srcset=\"https:\/\/i0.wp.com\/plumeriapassion.com\/wp-content\/uploads\/2018\/10\/20181020_164215.jpg?w=3024&amp;ssl=1 3024w, https:\/\/i0.wp.com\/plumeriapassion.com\/wp-content\/uploads\/2018\/10\/20181020_164215.jpg?resize=225%2C300&amp;ssl=1 225w, https:\/\/i0.wp.com\/plumeriapassion.com\/wp-content\/uploads\/2018\/10\/20181020_164215.jpg?resize=768%2C1024&amp;ssl=1 768w, https:\/\/i0.wp.com\/plumeriapassion.com\/wp-content\/uploads\/2018\/10\/20181020_164215.jpg?resize=600%2C800&amp;ssl=1 600w, https:\/\/i0.wp.com\/plumeriapassion.com\/wp-content\/uploads\/2018\/10\/20181020_164215.jpg?w=2340&amp;ssl=1 2340w\" sizes=\"auto, (max-width: 768px) 100vw, 768px\" data-attachment-id=\"517\" data-permalink=\"https:\/\/plumeriapassion.com\/index.php\/feuille-symptomes\/20181020_164215\/\" data-orig-file=\"https:\/\/i0.wp.com\/plumeriapassion.com\/wp-content\/uploads\/2018\/10\/20181020_164215.jpg?fit=3024%2C4032&amp;ssl=1\" data-orig-size=\"3024,4032\" data-comments-opened=\"1\" data-image-meta=\"{&quot;aperture&quot;:&quot;1.7&quot;,&quot;credit&quot;:&quot;&quot;,&quot;camera&quot;:&quot;SM-G935F&quot;,&quot;caption&quot;:&quot;&quot;,&quot;created_timestamp&quot;:&quot;1540053735&quot;,&quot;copyright&quot;:&quot;&quot;,&quot;focal_length&quot;:&quot;4.2&quot;,&quot;iso&quot;:&quot;40&quot;,&quot;shutter_speed&quot;:&quot;0.0050505050505051&quot;,&quot;title&quot;:&quot;&quot;,&quot;orientation&quot;:&quot;1&quot;}\" data-image-title=\"20181020_164215\" data-image-description=\"\" data-image-caption=\"\" data-medium-file=\"https:\/\/i0.wp.com\/plumeriapassion.com\/wp-content\/uploads\/2018\/10\/20181020_164215.jpg?fit=225%2C300&amp;ssl=1\" data-large-file=\"https:\/\/i0.wp.com\/plumeriapassion.com\/wp-content\/uploads\/2018\/10\/20181020_164215.jpg?fit=768%2C1024&amp;ssl=1\" \/>\t\t\t\t\t\t\t\t\t\t\t\t\t\t<\/div>\n\t\t\t\t\t\t<\/div>\n\t\t\t\t<\/div>\n\t\t\t\t\t\t<\/div>\n\t\t\t\t\t<\/div>\n\t\t<\/div>\n\t\t\t\t\t\t\t\t<\/div>\n\t\t\t\t\t<\/div>\n\t\t<\/section>\n\t\t\t\t<section class=\"elementor-section elementor-top-section elementor-element elementor-element-2353dae elementor-section-boxed elementor-section-height-default elementor-section-height-default\" data-id=\"2353dae\" data-element_type=\"section\">\n\t\t\t\t\t\t<div class=\"elementor-container elementor-column-gap-default\">\n\t\t\t\t\t\t\t<div class=\"elementor-row\">\n\t\t\t\t\t<div class=\"elementor-column elementor-col-100 elementor-top-column elementor-element elementor-element-3cabdee\" data-id=\"3cabdee\" data-element_type=\"column\">\n\t\t\t<div class=\"elementor-column-wrap elementor-element-populated\">\n\t\t\t\t\t\t\t<div class=\"elementor-widget-wrap\">\n\t\t\t\t\t\t<div class=\"elementor-element elementor-element-f026854 elementor-widget elementor-widget-heading\" data-id=\"f026854\" data-element_type=\"widget\" data-widget_type=\"heading.default\">\n\t\t\t\t<div class=\"elementor-widget-container\">\n\t\t\t<h2 class=\"elementor-heading-title elementor-size-default\">Br\u00fblure<\/h2>\t\t<\/div>\n\t\t\t\t<\/div>\n\t\t\t\t\t\t<\/div>\n\t\t\t\t\t<\/div>\n\t\t<\/div>\n\t\t\t\t\t\t\t\t<\/div>\n\t\t\t\t\t<\/div>\n\t\t<\/section>\n\t\t\t\t<section class=\"elementor-section elementor-top-section elementor-element elementor-element-605f3be elementor-section-boxed elementor-section-height-default elementor-section-height-default\" data-id=\"605f3be\" data-element_type=\"section\">\n\t\t\t\t\t\t<div class=\"elementor-container elementor-column-gap-default\">\n\t\t\t\t\t\t\t<div class=\"elementor-row\">\n\t\t\t\t\t<div class=\"elementor-column elementor-col-100 elementor-top-column elementor-element elementor-element-451fbd5\" data-id=\"451fbd5\" data-element_type=\"column\">\n\t\t\t<div class=\"elementor-column-wrap elementor-element-populated\">\n\t\t\t\t\t\t\t<div class=\"elementor-widget-wrap\">\n\t\t\t\t\t\t<div class=\"elementor-element elementor-element-27caca7 elementor-widget elementor-widget-image\" data-id=\"27caca7\" data-element_type=\"widget\" data-widget_type=\"image.default\">\n\t\t\t\t<div class=\"elementor-widget-container\">\n\t\t\t\t\t\t\t\t<div class=\"elementor-image\">\n\t\t\t\t\t\t\t\t\t\t\t\t\t<a href=\"https:\/\/plumeriapassion.com\/index.php\/entretien-frangipanier\/\" target=\"_blank\">\n\t\t\t\t\t\t\t<img loading=\"lazy\" decoding=\"async\" width=\"768\" height=\"1024\" src=\"https:\/\/i0.wp.com\/plumeriapassion.com\/wp-content\/uploads\/2018\/11\/20181102_164704.jpg?fit=768%2C1024&amp;ssl=1\" class=\"attachment-large size-large\" alt=\"\" srcset=\"https:\/\/i0.wp.com\/plumeriapassion.com\/wp-content\/uploads\/2018\/11\/20181102_164704.jpg?w=3024&amp;ssl=1 3024w, https:\/\/i0.wp.com\/plumeriapassion.com\/wp-content\/uploads\/2018\/11\/20181102_164704.jpg?resize=225%2C300&amp;ssl=1 225w, https:\/\/i0.wp.com\/plumeriapassion.com\/wp-content\/uploads\/2018\/11\/20181102_164704.jpg?resize=768%2C1024&amp;ssl=1 768w, https:\/\/i0.wp.com\/plumeriapassion.com\/wp-content\/uploads\/2018\/11\/20181102_164704.jpg?resize=600%2C800&amp;ssl=1 600w, https:\/\/i0.wp.com\/plumeriapassion.com\/wp-content\/uploads\/2018\/11\/20181102_164704.jpg?w=2340&amp;ssl=1 2340w\" sizes=\"auto, (max-width: 768px) 100vw, 768px\" data-attachment-id=\"554\" data-permalink=\"https:\/\/plumeriapassion.com\/index.php\/feuille-symptomes\/20181102_164704\/\" data-orig-file=\"https:\/\/i0.wp.com\/plumeriapassion.com\/wp-content\/uploads\/2018\/11\/20181102_164704.jpg?fit=3024%2C4032&amp;ssl=1\" data-orig-size=\"3024,4032\" data-comments-opened=\"1\" data-image-meta=\"{&quot;aperture&quot;:&quot;1.7&quot;,&quot;credit&quot;:&quot;&quot;,&quot;camera&quot;:&quot;SM-G935F&quot;,&quot;caption&quot;:&quot;&quot;,&quot;created_timestamp&quot;:&quot;1541177224&quot;,&quot;copyright&quot;:&quot;&quot;,&quot;focal_length&quot;:&quot;4.2&quot;,&quot;iso&quot;:&quot;80&quot;,&quot;shutter_speed&quot;:&quot;0.01&quot;,&quot;title&quot;:&quot;&quot;,&quot;orientation&quot;:&quot;1&quot;}\" data-image-title=\"20181102_164704\" data-image-description=\"\" data-image-caption=\"\" data-medium-file=\"https:\/\/i0.wp.com\/plumeriapassion.com\/wp-content\/uploads\/2018\/11\/20181102_164704.jpg?fit=225%2C300&amp;ssl=1\" data-large-file=\"https:\/\/i0.wp.com\/plumeriapassion.com\/wp-content\/uploads\/2018\/11\/20181102_164704.jpg?fit=768%2C1024&amp;ssl=1\" \/>\t\t\t\t\t\t\t\t<\/a>\n\t\t\t\t\t\t\t\t\t\t\t\t\t\t<\/div>\n\t\t\t\t\t\t<\/div>\n\t\t\t\t<\/div>\n\t\t\t\t\t\t<\/div>\n\t\t\t\t\t<\/div>\n\t\t<\/div>\n\t\t\t\t\t\t\t\t<\/div>\n\t\t\t\t\t<\/div>\n\t\t<\/section>\n\t\t\t\t\t\t<\/div>\n\t\t\t\t\t\t<\/div>\n\t\t\t\t\t<\/div>\n\t\t","protected":false},"excerpt":{"rendered":"<p>Araign\u00e9e Puceron Br\u00fblure<\/p>\n","protected":false},"author":6,"featured_media":0,"parent":0,"menu_order":0,"comment_status":"closed","ping_status":"closed","template":"","meta":{"jetpack_post_was_ever_published":false,"footnotes":""},"class_list":["post-516","page","type-page","status-publish","hentry"],"yoast_head":"<!-- This site is optimized with the Yoast SEO plugin v24.8.1 - https:\/\/yoast.com\/wordpress\/plugins\/seo\/ -->\n<title>Le puceron l&#039;araign\u00e9e maladie du frangipanier - PLUMERIA PASSION<\/title>\n<meta name=\"description\" content=\"Le frangipanier est une plante tr\u00e8s robuste qui n\u00e9cessite un minimum d&#039;entretien. Cependant le puceron l&#039;araign\u00e9e sont cause de maladie du frangipanier\" \/>\n<meta name=\"robots\" content=\"index, follow, max-snippet:-1, max-image-preview:large, max-video-preview:-1\" \/>\n<link rel=\"canonical\" href=\"https:\/\/plumeriapassion.com\/index.php\/feuille-symptomes\/\" \/>\n<meta property=\"og:locale\" content=\"fr_FR\" \/>\n<meta property=\"og:type\" content=\"article\" \/>\n<meta property=\"og:title\" content=\"Le puceron l&#039;araign\u00e9e maladie du frangipanier - PLUMERIA PASSION\" \/>\n<meta property=\"og:description\" content=\"Le frangipanier est une plante tr\u00e8s robuste qui n\u00e9cessite un minimum d&#039;entretien. Cependant le puceron l&#039;araign\u00e9e sont cause de maladie du frangipanier\" \/>\n<meta property=\"og:url\" content=\"https:\/\/plumeriapassion.com\/index.php\/feuille-symptomes\/\" \/>\n<meta property=\"article:modified_time\" content=\"2019-09-08T09:23:37+00:00\" \/>\n<meta property=\"og:image\" content=\"https:\/\/plumeriapassion.com\/wp-content\/uploads\/2018\/10\/20181020_164336-768x1024.jpg\" \/>\n<meta name=\"twitter:card\" content=\"summary_large_image\" \/>\n<script type=\"application\/ld+json\" class=\"yoast-schema-graph\">{\"@context\":\"https:\/\/schema.org\",\"@graph\":[{\"@type\":\"WebPage\",\"@id\":\"https:\/\/plumeriapassion.com\/index.php\/feuille-symptomes\/\",\"url\":\"https:\/\/plumeriapassion.com\/index.php\/feuille-symptomes\/\",\"name\":\"Le puceron l'araign\u00e9e maladie du frangipanier - PLUMERIA PASSION\",\"isPartOf\":{\"@id\":\"https:\/\/plumeriapassion.com\/#website\"},\"primaryImageOfPage\":{\"@id\":\"https:\/\/plumeriapassion.com\/index.php\/feuille-symptomes\/#primaryimage\"},\"image\":{\"@id\":\"https:\/\/plumeriapassion.com\/index.php\/feuille-symptomes\/#primaryimage\"},\"thumbnailUrl\":\"https:\/\/plumeriapassion.com\/wp-content\/uploads\/2018\/10\/20181020_164336-768x1024.jpg\",\"datePublished\":\"2018-10-21T20:44:41+00:00\",\"dateModified\":\"2019-09-08T09:23:37+00:00\",\"description\":\"Le frangipanier est une plante tr\u00e8s robuste qui n\u00e9cessite un minimum d'entretien. Cependant le puceron l'araign\u00e9e sont cause de maladie du frangipanier\",\"breadcrumb\":{\"@id\":\"https:\/\/plumeriapassion.com\/index.php\/feuille-symptomes\/#breadcrumb\"},\"inLanguage\":\"fr-FR\",\"potentialAction\":[{\"@type\":\"ReadAction\",\"target\":[\"https:\/\/plumeriapassion.com\/index.php\/feuille-symptomes\/\"]}]},{\"@type\":\"ImageObject\",\"inLanguage\":\"fr-FR\",\"@id\":\"https:\/\/plumeriapassion.com\/index.php\/feuille-symptomes\/#primaryimage\",\"url\":\"https:\/\/i0.wp.com\/plumeriapassion.com\/wp-content\/uploads\/2018\/10\/20181020_164336.jpg?fit=3024%2C4032&ssl=1\",\"contentUrl\":\"https:\/\/i0.wp.com\/plumeriapassion.com\/wp-content\/uploads\/2018\/10\/20181020_164336.jpg?fit=3024%2C4032&ssl=1\",\"width\":3024,\"height\":4032},{\"@type\":\"BreadcrumbList\",\"@id\":\"https:\/\/plumeriapassion.com\/index.php\/feuille-symptomes\/#breadcrumb\",\"itemListElement\":[{\"@type\":\"ListItem\",\"position\":1,\"name\":\"Accueil\",\"item\":\"https:\/\/plumeriapassion.com\/\"},{\"@type\":\"ListItem\",\"position\":2,\"name\":\"maladie du frangipanier\"}]},{\"@type\":\"WebSite\",\"@id\":\"https:\/\/plumeriapassion.com\/#website\",\"url\":\"https:\/\/plumeriapassion.com\/\",\"name\":\"PLUMERIA PASSION\",\"description\":\"\",\"publisher\":{\"@id\":\"https:\/\/plumeriapassion.com\/#organization\"},\"potentialAction\":[{\"@type\":\"SearchAction\",\"target\":{\"@type\":\"EntryPoint\",\"urlTemplate\":\"https:\/\/plumeriapassion.com\/?s={search_term_string}\"},\"query-input\":{\"@type\":\"PropertyValueSpecification\",\"valueRequired\":true,\"valueName\":\"search_term_string\"}}],\"inLanguage\":\"fr-FR\"},{\"@type\":\"Organization\",\"@id\":\"https:\/\/plumeriapassion.com\/#organization\",\"name\":\"Plumeria Passion\",\"url\":\"https:\/\/plumeriapassion.com\/\",\"logo\":{\"@type\":\"ImageObject\",\"inLanguage\":\"fr-FR\",\"@id\":\"https:\/\/plumeriapassion.com\/#\/schema\/logo\/image\/\",\"url\":\"https:\/\/i2.wp.com\/plumeriapassion.com\/wp-content\/uploads\/2018\/04\/TEST-1.jpg?fit=781%2C495&ssl=1\",\"contentUrl\":\"https:\/\/i2.wp.com\/plumeriapassion.com\/wp-content\/uploads\/2018\/04\/TEST-1.jpg?fit=781%2C495&ssl=1\",\"width\":781,\"height\":495,\"caption\":\"Plumeria Passion\"},\"image\":{\"@id\":\"https:\/\/plumeriapassion.com\/#\/schema\/logo\/image\/\"},\"sameAs\":[\"https:\/\/www.instagram.com\/plumeriapassion\/\"]}]}<\/script>\n<!-- \/ Yoast SEO plugin. -->","yoast_head_json":{"title":"Le puceron l'araign\u00e9e maladie du frangipanier - PLUMERIA PASSION","description":"Le frangipanier est une plante tr\u00e8s robuste qui n\u00e9cessite un minimum d'entretien. Cependant le puceron l'araign\u00e9e sont cause de maladie du frangipanier","robots":{"index":"index","follow":"follow","max-snippet":"max-snippet:-1","max-image-preview":"max-image-preview:large","max-video-preview":"max-video-preview:-1"},"canonical":"https:\/\/plumeriapassion.com\/index.php\/feuille-symptomes\/","og_locale":"fr_FR","og_type":"article","og_title":"Le puceron l'araign\u00e9e maladie du frangipanier - PLUMERIA PASSION","og_description":"Le frangipanier est une plante tr\u00e8s robuste qui n\u00e9cessite un minimum d'entretien. Cependant le puceron l'araign\u00e9e sont cause de maladie du frangipanier","og_url":"https:\/\/plumeriapassion.com\/index.php\/feuille-symptomes\/","article_modified_time":"2019-09-08T09:23:37+00:00","og_image":[{"url":"https:\/\/plumeriapassion.com\/wp-content\/uploads\/2018\/10\/20181020_164336-768x1024.jpg","type":"","width":"","height":""}],"twitter_card":"summary_large_image","schema":{"@context":"https:\/\/schema.org","@graph":[{"@type":"WebPage","@id":"https:\/\/plumeriapassion.com\/index.php\/feuille-symptomes\/","url":"https:\/\/plumeriapassion.com\/index.php\/feuille-symptomes\/","name":"Le puceron l'araign\u00e9e maladie du frangipanier - PLUMERIA PASSION","isPartOf":{"@id":"https:\/\/plumeriapassion.com\/#website"},"primaryImageOfPage":{"@id":"https:\/\/plumeriapassion.com\/index.php\/feuille-symptomes\/#primaryimage"},"image":{"@id":"https:\/\/plumeriapassion.com\/index.php\/feuille-symptomes\/#primaryimage"},"thumbnailUrl":"https:\/\/plumeriapassion.com\/wp-content\/uploads\/2018\/10\/20181020_164336-768x1024.jpg","datePublished":"2018-10-21T20:44:41+00:00","dateModified":"2019-09-08T09:23:37+00:00","description":"Le frangipanier est une plante tr\u00e8s robuste qui n\u00e9cessite un minimum d'entretien. Cependant le puceron l'araign\u00e9e sont cause de maladie du frangipanier","breadcrumb":{"@id":"https:\/\/plumeriapassion.com\/index.php\/feuille-symptomes\/#breadcrumb"},"inLanguage":"fr-FR","potentialAction":[{"@type":"ReadAction","target":["https:\/\/plumeriapassion.com\/index.php\/feuille-symptomes\/"]}]},{"@type":"ImageObject","inLanguage":"fr-FR","@id":"https:\/\/plumeriapassion.com\/index.php\/feuille-symptomes\/#primaryimage","url":"https:\/\/i0.wp.com\/plumeriapassion.com\/wp-content\/uploads\/2018\/10\/20181020_164336.jpg?fit=3024%2C4032&ssl=1","contentUrl":"https:\/\/i0.wp.com\/plumeriapassion.com\/wp-content\/uploads\/2018\/10\/20181020_164336.jpg?fit=3024%2C4032&ssl=1","width":3024,"height":4032},{"@type":"BreadcrumbList","@id":"https:\/\/plumeriapassion.com\/index.php\/feuille-symptomes\/#breadcrumb","itemListElement":[{"@type":"ListItem","position":1,"name":"Accueil","item":"https:\/\/plumeriapassion.com\/"},{"@type":"ListItem","position":2,"name":"maladie du frangipanier"}]},{"@type":"WebSite","@id":"https:\/\/plumeriapassion.com\/#website","url":"https:\/\/plumeriapassion.com\/","name":"PLUMERIA PASSION","description":"","publisher":{"@id":"https:\/\/plumeriapassion.com\/#organization"},"potentialAction":[{"@type":"SearchAction","target":{"@type":"EntryPoint","urlTemplate":"https:\/\/plumeriapassion.com\/?s={search_term_string}"},"query-input":{"@type":"PropertyValueSpecification","valueRequired":true,"valueName":"search_term_string"}}],"inLanguage":"fr-FR"},{"@type":"Organization","@id":"https:\/\/plumeriapassion.com\/#organization","name":"Plumeria Passion","url":"https:\/\/plumeriapassion.com\/","logo":{"@type":"ImageObject","inLanguage":"fr-FR","@id":"https:\/\/plumeriapassion.com\/#\/schema\/logo\/image\/","url":"https:\/\/i2.wp.com\/plumeriapassion.com\/wp-content\/uploads\/2018\/04\/TEST-1.jpg?fit=781%2C495&ssl=1","contentUrl":"https:\/\/i2.wp.com\/plumeriapassion.com\/wp-content\/uploads\/2018\/04\/TEST-1.jpg?fit=781%2C495&ssl=1","width":781,"height":495,"caption":"Plumeria Passion"},"image":{"@id":"https:\/\/plumeriapassion.com\/#\/schema\/logo\/image\/"},"sameAs":["https:\/\/www.instagram.com\/plumeriapassion\/"]}]}},"jetpack_sharing_enabled":true,"jetpack_shortlink":"https:\/\/wp.me\/P9PiFE-8k","jetpack_likes_enabled":true,"jetpack-related-posts":[],"_links":{"self":[{"href":"https:\/\/plumeriapassion.com\/index.php\/wp-json\/wp\/v2\/pages\/516","targetHints":{"allow":["GET"]}}],"collection":[{"href":"https:\/\/plumeriapassion.com\/index.php\/wp-json\/wp\/v2\/pages"}],"about":[{"href":"https:\/\/plumeriapassion.com\/index.php\/wp-json\/wp\/v2\/types\/page"}],"author":[{"embeddable":true,"href":"https:\/\/plumeriapassion.com\/index.php\/wp-json\/wp\/v2\/users\/6"}],"replies":[{"embeddable":true,"href":"https:\/\/plumeriapassion.com\/index.php\/wp-json\/wp\/v2\/comments?post=516"}],"version-history":[{"count":8,"href":"https:\/\/plumeriapassion.com\/index.php\/wp-json\/wp\/v2\/pages\/516\/revisions"}],"predecessor-version":[{"id":1090,"href":"https:\/\/plumeriapassion.com\/index.php\/wp-json\/wp\/v2\/pages\/516\/revisions\/1090"}],"wp:attachment":[{"href":"https:\/\/plumeriapassion.com\/index.php\/wp-json\/wp\/v2\/media?parent=516"}],"curies":[{"name":"wp","href":"https:\/\/api.w.org\/{rel}","templated":true}]}}