{"id":446,"date":"2018-10-20T21:39:18","date_gmt":"2018-10-20T19:39:18","guid":{"rendered":"http:\/\/plumeriapassion.com\/?page_id=446"},"modified":"2018-10-20T22:31:00","modified_gmt":"2018-10-20T20:31:00","slug":"droits-de-reproduction","status":"publish","type":"page","link":"https:\/\/plumeriapassion.com\/index.php\/droits-de-reproduction\/","title":{"rendered":"Droits de reproduction"},"content":{"rendered":"\t\t<div data-elementor-type=\"wp-post\" data-elementor-id=\"446\" class=\"elementor elementor-446 elementor-bc-flex-widget\" data-elementor-settings=\"[]\">\n\t\t\t\t\t\t<div class=\"elementor-inner\">\n\t\t\t\t\t\t\t<div class=\"elementor-section-wrap\">\n\t\t\t\t\t\t\t<section class=\"elementor-section elementor-top-section elementor-element elementor-element-7671819 elementor-section-boxed elementor-section-height-default elementor-section-height-default\" data-id=\"7671819\" data-element_type=\"section\">\n\t\t\t\t\t\t<div class=\"elementor-container elementor-column-gap-default\">\n\t\t\t\t\t\t\t<div class=\"elementor-row\">\n\t\t\t\t\t<div class=\"elementor-column elementor-col-100 elementor-top-column elementor-element elementor-element-508b82b\" data-id=\"508b82b\" data-element_type=\"column\">\n\t\t\t<div class=\"elementor-column-wrap elementor-element-populated\">\n\t\t\t\t\t\t\t<div class=\"elementor-widget-wrap\">\n\t\t\t\t\t\t<div class=\"elementor-element elementor-element-f749401 elementor-widget elementor-widget-text-editor\" data-id=\"f749401\" data-element_type=\"widget\" data-widget_type=\"text-editor.default\">\n\t\t\t\t<div class=\"elementor-widget-container\">\n\t\t\t\t\t\t\t\t<div class=\"elementor-text-editor elementor-clearfix\">\n\t\t\t\t<p><strong>Mention de droits <\/strong>(mises \u00e0 jour 20\/10\/2018)<\/p><p>Les textes et \u00e9l\u00e9ments graphiques, leur pr\u00e9sentation et leur assemblage figurant dans ce site, les productions vid\u00e9o et sonores et d&rsquo;une mani\u00e8re g\u00e9n\u00e9rale tous les documents contenus dans ce site, sont la propri\u00e9t\u00e9 exclusive de <strong>PLUMERIA PASSION \u00a9<\/strong>. Ils constituent des \u0153uvres de l&rsquo;esprit ou des \u00e9l\u00e9ments de bases de donn\u00e9es et sont prot\u00e9g\u00e9s en tant que tels par les lois des pays du monde entier et les trait\u00e9s internationaux. Le nom de <strong>PLUMERIA PASSION \u00a9<\/strong> et son logo sont prot\u00e9g\u00e9s \u00e0 titre de marques.<\/p><p><strong>Licence d&rsquo;utilisation<\/strong><\/p><p>En acc\u00e9dant \u00e0 ce site ou \u00e0 l&rsquo;un de ses \u00e9l\u00e9ments, vous acceptez une licence conc\u00e9d\u00e9e par<strong> PLUMERIA PASSION \u00a9<\/strong> aux conditions d\u00e9finies ci-apr\u00e8s.<\/p><p><strong>Article 1<\/strong><\/p><p style=\"padding-left: 30px;\">Au titre de la pr\u00e9sente licence, est exclusivement conc\u00e9d\u00e9 un droit d&rsquo;usage priv\u00e9, individuel et personnel excluant notamment toute exploitation commerciale ou publicitaire.<\/p><p style=\"padding-left: 30px;\">A ce titre, les documents qui peuvent \u00eatre t\u00e9l\u00e9charg\u00e9s sur le pr\u00e9sent site ne doivent en aucun cas faire l&rsquo;objet d&rsquo;alt\u00e9ration et ne peuvent \u00eatre utilis\u00e9s en dehors d&rsquo;un cadre priv\u00e9.<\/p><p><strong>Article 2<\/strong><\/p><p style=\"padding-left: 30px;\">Sauf disposition contraires express\u00e9ment expos\u00e9es dans le site web de <strong>PLUMERIA PASSION \u00a9<\/strong>, et ne concernant pas les liens hypertexte et les documents t\u00e9l\u00e9chargeables, est interdites toute repr\u00e9sentation et\/ou reproduction m\u00eame partielle du contenu de ce site et\/ou de l&rsquo;un de ses \u00e9l\u00e9ments et notamment:<\/p><p style=\"padding-left: 30px;\">. Toute utilisation de l&rsquo;un des \u00e9l\u00e9ments du site dans un environnement en r\u00e9seau.<\/p><p style=\"padding-left: 30px;\">. L&rsquo;interdiction de copier les mots-clefs utilis\u00e9s dans ses pages pour r\u00e9f\u00e9rencer un autre site et entrer ainsi en concurrence avec <strong>PLUMERIA PASSION \u00a9<\/strong><\/p><p style=\"padding-left: 30px;\">. L&rsquo;extraction r\u00e9p\u00e9t\u00e9e et syst\u00e9matique d&rsquo;\u00e9l\u00e9ments non autoris\u00e9s, m\u00eame non prot\u00e9g\u00e9s du site causant pr\u00e9judice \u00e0<strong> PLUMERIA PASSION \u00a9<\/strong><\/p><p><strong>Article 3<\/strong><\/p><p style=\"padding-left: 30px;\">Le m\u00e9canisme des liens hypertexte vers les informations difus\u00e9es par <strong>PLUMERIA PASSION \u00a9<\/strong> est autoris\u00e9, sans autorisation pr\u00e9alable, sous r\u00e9serve:<\/p><p style=\"padding-left: 30px;\">. De mentionner explicitement la source pour chaque lien.<\/p><p style=\"padding-left: 30px;\">. De ne pas utiliser les informations pour toute exploitation commerciale, publicitaire.<\/p><p style=\"padding-left: 30px;\">. Que le support de diffusion ne contienne pas d&rsquo;informations \u00e0 caract\u00e8re pol\u00e9mique, pornographique, x\u00e9nophobe ou pouvant, dans une plus large mesure porter atteinte \u00e0 la sensibilit\u00e9 du plus grand nombre.<\/p><p><strong>PLUMERIA PASSION \u00a9<\/strong> se r\u00e9serve cependant le droit de demander la suppression d&rsquo;un lien qui porte atteinte \u00e0 son image ou \u00e0 ses droits.<\/p><p><strong>PLUMERIA PASSION \u00a9<\/strong> se r\u00e9serve le droit de modifier ces conditions \u00e0 tous moment.<\/p><p><strong>PLUMERIA PASSION \u00a9<\/strong> se r\u00e9serve le droit de modifier ou de corriger le contenu de ce site \u00e0 tous moment et sans pr\u00e9avis.<\/p><p>Tous les droits qui ne sont pas express\u00e9ment conc\u00e9d\u00e9s aux termes des pr\u00e9sentes sont r\u00e9serv\u00e9s par <strong>PLUMERIA PASSION \u00a9<\/strong><\/p>\t\t\t\t\t<\/div>\n\t\t\t\t\t\t<\/div>\n\t\t\t\t<\/div>\n\t\t\t\t\t\t<\/div>\n\t\t\t\t\t<\/div>\n\t\t<\/div>\n\t\t\t\t\t\t\t\t<\/div>\n\t\t\t\t\t<\/div>\n\t\t<\/section>\n\t\t\t\t\t\t<\/div>\n\t\t\t\t\t\t<\/div>\n\t\t\t\t\t<\/div>\n\t\t","protected":false},"excerpt":{"rendered":"<p>Mention de droits (mises \u00e0 jour 20\/10\/2018) Les textes et \u00e9l\u00e9ments graphiques, leur pr\u00e9sentation et leur assemblage figurant dans ce site, les productions vid\u00e9o et sonores et d&rsquo;une mani\u00e8re g\u00e9n\u00e9rale tous les documents contenus dans ce site, sont la propri\u00e9t\u00e9 exclusive de PLUMERIA PASSION \u00a9. Ils constituent des \u0153uvres de l&rsquo;esprit ou des \u00e9l\u00e9ments de [&hellip;]<\/p>\n","protected":false},"author":6,"featured_media":0,"parent":0,"menu_order":0,"comment_status":"closed","ping_status":"closed","template":"","meta":{"jetpack_post_was_ever_published":false,"footnotes":""},"class_list":["post-446","page","type-page","status-publish","hentry"],"yoast_head":"<!-- This site is optimized with the Yoast SEO plugin v24.8.1 - https:\/\/yoast.com\/wordpress\/plugins\/seo\/ -->\n<title>Droits de reproduction<\/title>\n<meta name=\"robots\" content=\"index, follow, max-snippet:-1, max-image-preview:large, max-video-preview:-1\" \/>\n<link rel=\"canonical\" href=\"https:\/\/plumeriapassion.com\/index.php\/droits-de-reproduction\/\" \/>\n<meta property=\"og:locale\" content=\"fr_FR\" \/>\n<meta property=\"og:type\" content=\"article\" \/>\n<meta property=\"og:title\" content=\"Droits de reproduction\" \/>\n<meta property=\"og:description\" content=\"Mention de droits (mises \u00e0 jour 20\/10\/2018) Les textes et \u00e9l\u00e9ments graphiques, leur pr\u00e9sentation et leur assemblage figurant dans ce site, les productions vid\u00e9o et sonores et d&rsquo;une mani\u00e8re g\u00e9n\u00e9rale tous les documents contenus dans ce site, sont la propri\u00e9t\u00e9 exclusive de PLUMERIA PASSION \u00a9. Ils constituent des \u0153uvres de l&rsquo;esprit ou des \u00e9l\u00e9ments de [&hellip;]\" \/>\n<meta property=\"og:url\" content=\"https:\/\/plumeriapassion.com\/index.php\/droits-de-reproduction\/\" \/>\n<meta property=\"article:modified_time\" content=\"2018-10-20T20:31:00+00:00\" \/>\n<meta name=\"twitter:card\" content=\"summary_large_image\" \/>\n<meta name=\"twitter:label1\" content=\"Dur\u00e9e de lecture estim\u00e9e\" \/>\n\t<meta name=\"twitter:data1\" content=\"2 minutes\" \/>\n<script type=\"application\/ld+json\" class=\"yoast-schema-graph\">{\"@context\":\"https:\/\/schema.org\",\"@graph\":[{\"@type\":\"WebPage\",\"@id\":\"https:\/\/plumeriapassion.com\/index.php\/droits-de-reproduction\/\",\"url\":\"https:\/\/plumeriapassion.com\/index.php\/droits-de-reproduction\/\",\"name\":\"Droits de reproduction\",\"isPartOf\":{\"@id\":\"https:\/\/plumeriapassion.com\/#website\"},\"datePublished\":\"2018-10-20T19:39:18+00:00\",\"dateModified\":\"2018-10-20T20:31:00+00:00\",\"breadcrumb\":{\"@id\":\"https:\/\/plumeriapassion.com\/index.php\/droits-de-reproduction\/#breadcrumb\"},\"inLanguage\":\"fr-FR\",\"potentialAction\":[{\"@type\":\"ReadAction\",\"target\":[\"https:\/\/plumeriapassion.com\/index.php\/droits-de-reproduction\/\"]}]},{\"@type\":\"BreadcrumbList\",\"@id\":\"https:\/\/plumeriapassion.com\/index.php\/droits-de-reproduction\/#breadcrumb\",\"itemListElement\":[{\"@type\":\"ListItem\",\"position\":1,\"name\":\"Accueil\",\"item\":\"https:\/\/plumeriapassion.com\/\"},{\"@type\":\"ListItem\",\"position\":2,\"name\":\"Droits de reproduction\"}]},{\"@type\":\"WebSite\",\"@id\":\"https:\/\/plumeriapassion.com\/#website\",\"url\":\"https:\/\/plumeriapassion.com\/\",\"name\":\"PLUMERIA PASSION\",\"description\":\"\",\"publisher\":{\"@id\":\"https:\/\/plumeriapassion.com\/#organization\"},\"potentialAction\":[{\"@type\":\"SearchAction\",\"target\":{\"@type\":\"EntryPoint\",\"urlTemplate\":\"https:\/\/plumeriapassion.com\/?s={search_term_string}\"},\"query-input\":{\"@type\":\"PropertyValueSpecification\",\"valueRequired\":true,\"valueName\":\"search_term_string\"}}],\"inLanguage\":\"fr-FR\"},{\"@type\":\"Organization\",\"@id\":\"https:\/\/plumeriapassion.com\/#organization\",\"name\":\"Plumeria Passion\",\"url\":\"https:\/\/plumeriapassion.com\/\",\"logo\":{\"@type\":\"ImageObject\",\"inLanguage\":\"fr-FR\",\"@id\":\"https:\/\/plumeriapassion.com\/#\/schema\/logo\/image\/\",\"url\":\"https:\/\/i2.wp.com\/plumeriapassion.com\/wp-content\/uploads\/2018\/04\/TEST-1.jpg?fit=781%2C495&ssl=1\",\"contentUrl\":\"https:\/\/i2.wp.com\/plumeriapassion.com\/wp-content\/uploads\/2018\/04\/TEST-1.jpg?fit=781%2C495&ssl=1\",\"width\":781,\"height\":495,\"caption\":\"Plumeria Passion\"},\"image\":{\"@id\":\"https:\/\/plumeriapassion.com\/#\/schema\/logo\/image\/\"},\"sameAs\":[\"https:\/\/www.instagram.com\/plumeriapassion\/\"]}]}<\/script>\n<!-- \/ Yoast SEO plugin. -->","yoast_head_json":{"title":"Droits de reproduction","robots":{"index":"index","follow":"follow","max-snippet":"max-snippet:-1","max-image-preview":"max-image-preview:large","max-video-preview":"max-video-preview:-1"},"canonical":"https:\/\/plumeriapassion.com\/index.php\/droits-de-reproduction\/","og_locale":"fr_FR","og_type":"article","og_title":"Droits de reproduction","og_description":"Mention de droits (mises \u00e0 jour 20\/10\/2018) Les textes et \u00e9l\u00e9ments graphiques, leur pr\u00e9sentation et leur assemblage figurant dans ce site, les productions vid\u00e9o et sonores et d&rsquo;une mani\u00e8re g\u00e9n\u00e9rale tous les documents contenus dans ce site, sont la propri\u00e9t\u00e9 exclusive de PLUMERIA PASSION \u00a9. Ils constituent des \u0153uvres de l&rsquo;esprit ou des \u00e9l\u00e9ments de [&hellip;]","og_url":"https:\/\/plumeriapassion.com\/index.php\/droits-de-reproduction\/","article_modified_time":"2018-10-20T20:31:00+00:00","twitter_card":"summary_large_image","twitter_misc":{"Dur\u00e9e de lecture estim\u00e9e":"2 minutes"},"schema":{"@context":"https:\/\/schema.org","@graph":[{"@type":"WebPage","@id":"https:\/\/plumeriapassion.com\/index.php\/droits-de-reproduction\/","url":"https:\/\/plumeriapassion.com\/index.php\/droits-de-reproduction\/","name":"Droits de reproduction","isPartOf":{"@id":"https:\/\/plumeriapassion.com\/#website"},"datePublished":"2018-10-20T19:39:18+00:00","dateModified":"2018-10-20T20:31:00+00:00","breadcrumb":{"@id":"https:\/\/plumeriapassion.com\/index.php\/droits-de-reproduction\/#breadcrumb"},"inLanguage":"fr-FR","potentialAction":[{"@type":"ReadAction","target":["https:\/\/plumeriapassion.com\/index.php\/droits-de-reproduction\/"]}]},{"@type":"BreadcrumbList","@id":"https:\/\/plumeriapassion.com\/index.php\/droits-de-reproduction\/#breadcrumb","itemListElement":[{"@type":"ListItem","position":1,"name":"Accueil","item":"https:\/\/plumeriapassion.com\/"},{"@type":"ListItem","position":2,"name":"Droits de reproduction"}]},{"@type":"WebSite","@id":"https:\/\/plumeriapassion.com\/#website","url":"https:\/\/plumeriapassion.com\/","name":"PLUMERIA PASSION","description":"","publisher":{"@id":"https:\/\/plumeriapassion.com\/#organization"},"potentialAction":[{"@type":"SearchAction","target":{"@type":"EntryPoint","urlTemplate":"https:\/\/plumeriapassion.com\/?s={search_term_string}"},"query-input":{"@type":"PropertyValueSpecification","valueRequired":true,"valueName":"search_term_string"}}],"inLanguage":"fr-FR"},{"@type":"Organization","@id":"https:\/\/plumeriapassion.com\/#organization","name":"Plumeria Passion","url":"https:\/\/plumeriapassion.com\/","logo":{"@type":"ImageObject","inLanguage":"fr-FR","@id":"https:\/\/plumeriapassion.com\/#\/schema\/logo\/image\/","url":"https:\/\/i2.wp.com\/plumeriapassion.com\/wp-content\/uploads\/2018\/04\/TEST-1.jpg?fit=781%2C495&ssl=1","contentUrl":"https:\/\/i2.wp.com\/plumeriapassion.com\/wp-content\/uploads\/2018\/04\/TEST-1.jpg?fit=781%2C495&ssl=1","width":781,"height":495,"caption":"Plumeria Passion"},"image":{"@id":"https:\/\/plumeriapassion.com\/#\/schema\/logo\/image\/"},"sameAs":["https:\/\/www.instagram.com\/plumeriapassion\/"]}]}},"jetpack_sharing_enabled":true,"jetpack_shortlink":"https:\/\/wp.me\/P9PiFE-7c","jetpack_likes_enabled":true,"jetpack-related-posts":[],"_links":{"self":[{"href":"https:\/\/plumeriapassion.com\/index.php\/wp-json\/wp\/v2\/pages\/446","targetHints":{"allow":["GET"]}}],"collection":[{"href":"https:\/\/plumeriapassion.com\/index.php\/wp-json\/wp\/v2\/pages"}],"about":[{"href":"https:\/\/plumeriapassion.com\/index.php\/wp-json\/wp\/v2\/types\/page"}],"author":[{"embeddable":true,"href":"https:\/\/plumeriapassion.com\/index.php\/wp-json\/wp\/v2\/users\/6"}],"replies":[{"embeddable":true,"href":"https:\/\/plumeriapassion.com\/index.php\/wp-json\/wp\/v2\/comments?post=446"}],"version-history":[{"count":5,"href":"https:\/\/plumeriapassion.com\/index.php\/wp-json\/wp\/v2\/pages\/446\/revisions"}],"predecessor-version":[{"id":454,"href":"https:\/\/plumeriapassion.com\/index.php\/wp-json\/wp\/v2\/pages\/446\/revisions\/454"}],"wp:attachment":[{"href":"https:\/\/plumeriapassion.com\/index.php\/wp-json\/wp\/v2\/media?parent=446"}],"curies":[{"name":"wp","href":"https:\/\/api.w.org\/{rel}","templated":true}]}}