{"id":221,"date":"2018-04-10T00:46:34","date_gmt":"2018-04-09T22:46:34","guid":{"rendered":"http:\/\/plumeriapassion.com\/?page_id=221"},"modified":"2019-06-16T19:30:41","modified_gmt":"2019-06-16T17:30:41","slug":"contact","status":"publish","type":"page","link":"https:\/\/plumeriapassion.com\/index.php\/contact\/","title":{"rendered":"Contact"},"content":{"rendered":"\t\t<div data-elementor-type=\"wp-post\" data-elementor-id=\"221\" class=\"elementor elementor-221\" data-elementor-settings=\"[]\">\n\t\t\t\t\t\t<div class=\"elementor-inner\">\n\t\t\t\t\t\t\t<div class=\"elementor-section-wrap\">\n\t\t\t\t\t\t\t<section class=\"elementor-section elementor-top-section elementor-element elementor-element-1c74919 elementor-section-boxed elementor-section-height-default elementor-section-height-default\" data-id=\"1c74919\" data-element_type=\"section\">\n\t\t\t\t\t\t<div class=\"elementor-container elementor-column-gap-default\">\n\t\t\t\t\t\t\t<div class=\"elementor-row\">\n\t\t\t\t\t<div class=\"elementor-column elementor-col-100 elementor-top-column elementor-element elementor-element-b981bdc\" data-id=\"b981bdc\" data-element_type=\"column\">\n\t\t\t<div class=\"elementor-column-wrap elementor-element-populated\">\n\t\t\t\t\t\t\t<div class=\"elementor-widget-wrap\">\n\t\t\t\t\t\t<div class=\"elementor-element elementor-element-00a4d46 elementor-widget elementor-widget-image\" data-id=\"00a4d46\" data-element_type=\"widget\" data-widget_type=\"image.default\">\n\t\t\t\t<div class=\"elementor-widget-container\">\n\t\t\t\t\t\t\t\t<div class=\"elementor-image\">\n\t\t\t\t\t\t\t\t\t\t\t\t<img loading=\"lazy\" decoding=\"async\" width=\"696\" height=\"131\" src=\"https:\/\/plumeriapassion.com\/wp-content\/uploads\/2018\/04\/logo.bmp\" class=\"attachment-large size-large\" alt=\"vente plante tropicale\" srcset=\"https:\/\/plumeriapassion.com\/wp-content\/uploads\/2018\/04\/logo.bmp 696w, https:\/\/plumeriapassion.com\/wp-content\/uploads\/2018\/04\/logo.bmp 300w, https:\/\/plumeriapassion.com\/wp-content\/uploads\/2018\/04\/logo.bmp 600w\" sizes=\"auto, (max-width: 696px) 100vw, 696px\" data-attachment-id=\"91\" data-permalink=\"https:\/\/plumeriapassion.com\/?attachment_id=91\" data-orig-file=\"https:\/\/plumeriapassion.com\/wp-content\/uploads\/2018\/04\/logo.bmp\" data-orig-size=\"696,131\" data-comments-opened=\"1\" data-image-meta=\"{&quot;aperture&quot;:&quot;0&quot;,&quot;credit&quot;:&quot;&quot;,&quot;camera&quot;:&quot;&quot;,&quot;caption&quot;:&quot;&quot;,&quot;created_timestamp&quot;:&quot;0&quot;,&quot;copyright&quot;:&quot;&quot;,&quot;focal_length&quot;:&quot;0&quot;,&quot;iso&quot;:&quot;0&quot;,&quot;shutter_speed&quot;:&quot;0&quot;,&quot;title&quot;:&quot;&quot;,&quot;orientation&quot;:&quot;0&quot;}\" data-image-title=\"logo\" data-image-description=\"\" data-image-caption=\"\" data-medium-file=\"https:\/\/plumeriapassion.com\/wp-content\/uploads\/2018\/04\/logo-300x56.jpg\" data-large-file=\"https:\/\/plumeriapassion.com\/wp-content\/uploads\/2018\/04\/logo.bmp\" \/>\t\t\t\t\t\t\t\t\t\t\t\t\t\t<\/div>\n\t\t\t\t\t\t<\/div>\n\t\t\t\t<\/div>\n\t\t\t\t\t\t<\/div>\n\t\t\t\t\t<\/div>\n\t\t<\/div>\n\t\t\t\t\t\t\t\t<\/div>\n\t\t\t\t\t<\/div>\n\t\t<\/section>\n\t\t\t\t<section class=\"elementor-section elementor-top-section elementor-element elementor-element-ffbed34 elementor-section-boxed elementor-section-height-default elementor-section-height-default\" data-id=\"ffbed34\" data-element_type=\"section\" data-settings=\"{&quot;background_background&quot;:&quot;classic&quot;}\">\n\t\t\t\t\t\t<div class=\"elementor-container elementor-column-gap-default\">\n\t\t\t\t\t\t\t<div class=\"elementor-row\">\n\t\t\t\t\t<div class=\"elementor-column elementor-col-50 elementor-top-column elementor-element elementor-element-f0a5ab3\" data-id=\"f0a5ab3\" data-element_type=\"column\">\n\t\t\t<div class=\"elementor-column-wrap elementor-element-populated\">\n\t\t\t\t\t\t\t<div class=\"elementor-widget-wrap\">\n\t\t\t\t\t\t<div class=\"elementor-element elementor-element-77dbb42 elementor-position-top elementor-vertical-align-top elementor-widget elementor-widget-image-box\" data-id=\"77dbb42\" data-element_type=\"widget\" data-widget_type=\"image-box.default\">\n\t\t\t\t<div class=\"elementor-widget-container\">\n\t\t\t<div class=\"elementor-image-box-wrapper\"><div class=\"elementor-image-box-content\"><h3 class=\"elementor-image-box-title\"><a href=\"http:\/\/plumeriapassion.com\/index.php\/feuille-symptomes\/\" target=\"_blank\">Service Commercial<\/a><\/h3><p class=\"elementor-image-box-description\">Pour toutes informations li\u00e9es \u00e0 une commande ou un partenariat commercial contactez-nous au :\n<br><br>\n\n<b>06 37 95 04 02<\/b><br><br><\/p><\/div><\/div>\t\t<\/div>\n\t\t\t\t<\/div>\n\t\t\t\t\t\t<\/div>\n\t\t\t\t\t<\/div>\n\t\t<\/div>\n\t\t\t\t<div class=\"elementor-column elementor-col-50 elementor-top-column elementor-element elementor-element-c63e576\" data-id=\"c63e576\" data-element_type=\"column\">\n\t\t\t<div class=\"elementor-column-wrap elementor-element-populated\">\n\t\t\t\t\t\t\t<div class=\"elementor-widget-wrap\">\n\t\t\t\t\t\t<div class=\"elementor-element elementor-element-eeb581e elementor-position-top elementor-vertical-align-top elementor-widget elementor-widget-image-box\" data-id=\"eeb581e\" data-element_type=\"widget\" data-widget_type=\"image-box.default\">\n\t\t\t\t<div class=\"elementor-widget-container\">\n\t\t\t<div class=\"elementor-image-box-wrapper\"><div class=\"elementor-image-box-content\"><h3 class=\"elementor-image-box-title\"><a href=\"http:\/\/plumeriapassion.com\/index.php\/feuille-symptomes\/\" target=\"_blank\">Service Production<\/a><\/h3><p class=\"elementor-image-box-description\">Pour toutes informations sur nos plantes et leur entretien contactez-nous au :\n<br><br>\n\n<b>06 37 95 04 02<\/b> <br><\/p><\/div><\/div>\t\t<\/div>\n\t\t\t\t<\/div>\n\t\t\t\t\t\t<\/div>\n\t\t\t\t\t<\/div>\n\t\t<\/div>\n\t\t\t\t\t\t\t\t<\/div>\n\t\t\t\t\t<\/div>\n\t\t<\/section>\n\t\t\t\t<section class=\"elementor-section elementor-top-section elementor-element elementor-element-1ea6ac5 elementor-section-boxed elementor-section-height-default elementor-section-height-default\" data-id=\"1ea6ac5\" data-element_type=\"section\">\n\t\t\t\t\t\t<div class=\"elementor-container elementor-column-gap-default\">\n\t\t\t\t\t\t\t<div class=\"elementor-row\">\n\t\t\t\t\t<div class=\"elementor-column elementor-col-100 elementor-top-column elementor-element elementor-element-074c1b7\" data-id=\"074c1b7\" data-element_type=\"column\">\n\t\t\t<div class=\"elementor-column-wrap elementor-element-populated\">\n\t\t\t\t\t\t\t<div class=\"elementor-widget-wrap\">\n\t\t\t\t\t\t<div class=\"elementor-element elementor-element-7b22fb1 elementor-widget elementor-widget-text-editor\" data-id=\"7b22fb1\" data-element_type=\"widget\" data-widget_type=\"text-editor.default\">\n\t\t\t\t<div class=\"elementor-widget-container\">\n\t\t\t\t\t\t\t\t<div class=\"elementor-text-editor elementor-clearfix\">\n\t\t\t\t<p>\u00a0<\/p><p>\u00a0<\/p><p style=\"text-align: center;\">Nous contacter par mail :<\/p><p style=\"text-align: center;\">plumeriapassionfrance@gmail.com<\/p><p>\u00a0<\/p><p>\u00a0<\/p>\t\t\t\t\t<\/div>\n\t\t\t\t\t\t<\/div>\n\t\t\t\t<\/div>\n\t\t\t\t\t\t<\/div>\n\t\t\t\t\t<\/div>\n\t\t<\/div>\n\t\t\t\t\t\t\t\t<\/div>\n\t\t\t\t\t<\/div>\n\t\t<\/section>\n\t\t\t\t<section class=\"elementor-section elementor-top-section elementor-element elementor-element-1adfdf0 elementor-section-boxed elementor-section-height-default elementor-section-height-default\" data-id=\"1adfdf0\" data-element_type=\"section\">\n\t\t\t\t\t\t<div class=\"elementor-container elementor-column-gap-default\">\n\t\t\t\t\t\t\t<div class=\"elementor-row\">\n\t\t\t\t\t<div class=\"elementor-column elementor-col-100 elementor-top-column elementor-element elementor-element-b74c8eb\" data-id=\"b74c8eb\" data-element_type=\"column\">\n\t\t\t<div class=\"elementor-column-wrap elementor-element-populated\">\n\t\t\t\t\t\t\t<div class=\"elementor-widget-wrap\">\n\t\t\t\t\t\t<div class=\"elementor-element elementor-element-d78e0e3 elementor-widget elementor-widget-image\" data-id=\"d78e0e3\" data-element_type=\"widget\" data-widget_type=\"image.default\">\n\t\t\t\t<div class=\"elementor-widget-container\">\n\t\t\t\t\t\t\t\t<div class=\"elementor-image\">\n\t\t\t\t\t\t\t\t\t\t\t\t<img loading=\"lazy\" decoding=\"async\" width=\"1024\" height=\"768\" src=\"https:\/\/i0.wp.com\/plumeriapassion.com\/wp-content\/uploads\/2018\/12\/plumeriapassion20phili.jpg?fit=1024%2C768&amp;ssl=1\" class=\"attachment-large size-large\" alt=\"Vente de frangipanier - Plante tropicale\" srcset=\"https:\/\/i0.wp.com\/plumeriapassion.com\/wp-content\/uploads\/2018\/12\/plumeriapassion20phili.jpg?w=4032&amp;ssl=1 4032w, https:\/\/i0.wp.com\/plumeriapassion.com\/wp-content\/uploads\/2018\/12\/plumeriapassion20phili.jpg?resize=300%2C225&amp;ssl=1 300w, https:\/\/i0.wp.com\/plumeriapassion.com\/wp-content\/uploads\/2018\/12\/plumeriapassion20phili.jpg?resize=768%2C576&amp;ssl=1 768w, https:\/\/i0.wp.com\/plumeriapassion.com\/wp-content\/uploads\/2018\/12\/plumeriapassion20phili.jpg?resize=1024%2C768&amp;ssl=1 1024w, https:\/\/i0.wp.com\/plumeriapassion.com\/wp-content\/uploads\/2018\/12\/plumeriapassion20phili.jpg?resize=600%2C450&amp;ssl=1 600w, https:\/\/i0.wp.com\/plumeriapassion.com\/wp-content\/uploads\/2018\/12\/plumeriapassion20phili.jpg?w=2340&amp;ssl=1 2340w, https:\/\/i0.wp.com\/plumeriapassion.com\/wp-content\/uploads\/2018\/12\/plumeriapassion20phili.jpg?w=3510&amp;ssl=1 3510w\" sizes=\"auto, (max-width: 1024px) 100vw, 1024px\" data-attachment-id=\"652\" data-permalink=\"https:\/\/plumeriapassion.com\/plumeriapassion20phili\/\" data-orig-file=\"https:\/\/i0.wp.com\/plumeriapassion.com\/wp-content\/uploads\/2018\/12\/plumeriapassion20phili.jpg?fit=4032%2C3024&amp;ssl=1\" data-orig-size=\"4032,3024\" data-comments-opened=\"1\" data-image-meta=\"{&quot;aperture&quot;:&quot;1.7&quot;,&quot;credit&quot;:&quot;&quot;,&quot;camera&quot;:&quot;SM-G935F&quot;,&quot;caption&quot;:&quot;&quot;,&quot;created_timestamp&quot;:&quot;1537358529&quot;,&quot;copyright&quot;:&quot;&quot;,&quot;focal_length&quot;:&quot;4.2&quot;,&quot;iso&quot;:&quot;40&quot;,&quot;shutter_speed&quot;:&quot;0.0017182130584192&quot;,&quot;title&quot;:&quot;&quot;,&quot;orientation&quot;:&quot;0&quot;}\" data-image-title=\"Vente de frangipanier &#8211; Plante tropicale\" data-image-description=\"\" data-image-caption=\"\" data-medium-file=\"https:\/\/i0.wp.com\/plumeriapassion.com\/wp-content\/uploads\/2018\/12\/plumeriapassion20phili.jpg?fit=300%2C225&amp;ssl=1\" data-large-file=\"https:\/\/i0.wp.com\/plumeriapassion.com\/wp-content\/uploads\/2018\/12\/plumeriapassion20phili.jpg?fit=1024%2C768&amp;ssl=1\" \/>\t\t\t\t\t\t\t\t\t\t\t\t\t\t<\/div>\n\t\t\t\t\t\t<\/div>\n\t\t\t\t<\/div>\n\t\t\t\t\t\t<\/div>\n\t\t\t\t\t<\/div>\n\t\t<\/div>\n\t\t\t\t\t\t\t\t<\/div>\n\t\t\t\t\t<\/div>\n\t\t<\/section>\n\t\t\t\t\t\t<\/div>\n\t\t\t\t\t\t<\/div>\n\t\t\t\t\t<\/div>\n\t\t","protected":false},"excerpt":{"rendered":"<p>Service Commercial Pour toutes informations li\u00e9es \u00e0 une commande ou un partenariat commercial contactez-nous au : 06 37 95 04 02 Service Production Pour toutes informations sur nos plantes et leur entretien contactez-nous au : 06 37 95 04 02 \u00a0 \u00a0 Nous contacter par mail : plumeriapassionfrance@gmail.com \u00a0 \u00a0<\/p>\n","protected":false},"author":6,"featured_media":0,"parent":0,"menu_order":0,"comment_status":"closed","ping_status":"closed","template":"template-parts\/template-homepage.php","meta":{"jetpack_post_was_ever_published":false,"footnotes":""},"class_list":["post-221","page","type-page","status-publish","hentry"],"yoast_head":"<!-- This site is optimized with the Yoast SEO plugin v24.8.1 - https:\/\/yoast.com\/wordpress\/plugins\/seo\/ -->\n<title>Service commercial - PLUMERIA PASSION - vente de frangipanier<\/title>\n<meta name=\"description\" content=\"Pour toutes questions n&#039;h\u00e9sitez pas \u00e0 rentrer en contact avec notre service commercial. Nous r\u00e9pondrons avec grand plaisir !!!\" \/>\n<meta name=\"robots\" content=\"index, follow, max-snippet:-1, max-image-preview:large, max-video-preview:-1\" \/>\n<link rel=\"canonical\" href=\"https:\/\/plumeriapassion.com\/index.php\/contact\/\" \/>\n<meta property=\"og:locale\" content=\"fr_FR\" \/>\n<meta property=\"og:type\" content=\"article\" \/>\n<meta property=\"og:title\" content=\"Service commercial - PLUMERIA PASSION - vente de frangipanier\" \/>\n<meta property=\"og:description\" content=\"Pour toutes questions n&#039;h\u00e9sitez pas \u00e0 rentrer en contact avec notre service commercial. Nous r\u00e9pondrons avec grand plaisir !!!\" \/>\n<meta property=\"og:url\" content=\"https:\/\/plumeriapassion.com\/index.php\/contact\/\" \/>\n<meta property=\"article:modified_time\" content=\"2019-06-16T17:30:41+00:00\" \/>\n<meta property=\"og:image\" content=\"https:\/\/plumeriapassion.com\/wp-content\/uploads\/2018\/04\/logo.bmp\" \/>\n<meta name=\"twitter:card\" content=\"summary_large_image\" \/>\n<script type=\"application\/ld+json\" class=\"yoast-schema-graph\">{\"@context\":\"https:\/\/schema.org\",\"@graph\":[{\"@type\":\"WebPage\",\"@id\":\"https:\/\/plumeriapassion.com\/index.php\/contact\/\",\"url\":\"https:\/\/plumeriapassion.com\/index.php\/contact\/\",\"name\":\"Service commercial - PLUMERIA PASSION - vente de frangipanier\",\"isPartOf\":{\"@id\":\"https:\/\/plumeriapassion.com\/#website\"},\"primaryImageOfPage\":{\"@id\":\"https:\/\/plumeriapassion.com\/index.php\/contact\/#primaryimage\"},\"image\":{\"@id\":\"https:\/\/plumeriapassion.com\/index.php\/contact\/#primaryimage\"},\"thumbnailUrl\":\"https:\/\/plumeriapassion.com\/wp-content\/uploads\/2018\/04\/logo.bmp\",\"datePublished\":\"2018-04-09T22:46:34+00:00\",\"dateModified\":\"2019-06-16T17:30:41+00:00\",\"description\":\"Pour toutes questions n'h\u00e9sitez pas \u00e0 rentrer en contact avec notre service commercial. Nous r\u00e9pondrons avec grand plaisir !!!\",\"breadcrumb\":{\"@id\":\"https:\/\/plumeriapassion.com\/index.php\/contact\/#breadcrumb\"},\"inLanguage\":\"fr-FR\",\"potentialAction\":[{\"@type\":\"ReadAction\",\"target\":[\"https:\/\/plumeriapassion.com\/index.php\/contact\/\"]}]},{\"@type\":\"ImageObject\",\"inLanguage\":\"fr-FR\",\"@id\":\"https:\/\/plumeriapassion.com\/index.php\/contact\/#primaryimage\",\"url\":\"https:\/\/plumeriapassion.com\/wp-content\/uploads\/2018\/04\/logo.bmp\",\"contentUrl\":\"https:\/\/plumeriapassion.com\/wp-content\/uploads\/2018\/04\/logo.bmp\",\"width\":696,\"height\":131,\"caption\":\"vente plante tropicale\"},{\"@type\":\"BreadcrumbList\",\"@id\":\"https:\/\/plumeriapassion.com\/index.php\/contact\/#breadcrumb\",\"itemListElement\":[{\"@type\":\"ListItem\",\"position\":1,\"name\":\"Accueil\",\"item\":\"https:\/\/plumeriapassion.com\/\"},{\"@type\":\"ListItem\",\"position\":2,\"name\":\"Contact\"}]},{\"@type\":\"WebSite\",\"@id\":\"https:\/\/plumeriapassion.com\/#website\",\"url\":\"https:\/\/plumeriapassion.com\/\",\"name\":\"PLUMERIA PASSION\",\"description\":\"\",\"publisher\":{\"@id\":\"https:\/\/plumeriapassion.com\/#organization\"},\"potentialAction\":[{\"@type\":\"SearchAction\",\"target\":{\"@type\":\"EntryPoint\",\"urlTemplate\":\"https:\/\/plumeriapassion.com\/?s={search_term_string}\"},\"query-input\":{\"@type\":\"PropertyValueSpecification\",\"valueRequired\":true,\"valueName\":\"search_term_string\"}}],\"inLanguage\":\"fr-FR\"},{\"@type\":\"Organization\",\"@id\":\"https:\/\/plumeriapassion.com\/#organization\",\"name\":\"Plumeria Passion\",\"url\":\"https:\/\/plumeriapassion.com\/\",\"logo\":{\"@type\":\"ImageObject\",\"inLanguage\":\"fr-FR\",\"@id\":\"https:\/\/plumeriapassion.com\/#\/schema\/logo\/image\/\",\"url\":\"https:\/\/i2.wp.com\/plumeriapassion.com\/wp-content\/uploads\/2018\/04\/TEST-1.jpg?fit=781%2C495&ssl=1\",\"contentUrl\":\"https:\/\/i2.wp.com\/plumeriapassion.com\/wp-content\/uploads\/2018\/04\/TEST-1.jpg?fit=781%2C495&ssl=1\",\"width\":781,\"height\":495,\"caption\":\"Plumeria Passion\"},\"image\":{\"@id\":\"https:\/\/plumeriapassion.com\/#\/schema\/logo\/image\/\"},\"sameAs\":[\"https:\/\/www.instagram.com\/plumeriapassion\/\"]}]}<\/script>\n<!-- \/ Yoast SEO plugin. -->","yoast_head_json":{"title":"Service commercial - PLUMERIA PASSION - vente de frangipanier","description":"Pour toutes questions n'h\u00e9sitez pas \u00e0 rentrer en contact avec notre service commercial. Nous r\u00e9pondrons avec grand plaisir !!!","robots":{"index":"index","follow":"follow","max-snippet":"max-snippet:-1","max-image-preview":"max-image-preview:large","max-video-preview":"max-video-preview:-1"},"canonical":"https:\/\/plumeriapassion.com\/index.php\/contact\/","og_locale":"fr_FR","og_type":"article","og_title":"Service commercial - PLUMERIA PASSION - vente de frangipanier","og_description":"Pour toutes questions n'h\u00e9sitez pas \u00e0 rentrer en contact avec notre service commercial. Nous r\u00e9pondrons avec grand plaisir !!!","og_url":"https:\/\/plumeriapassion.com\/index.php\/contact\/","article_modified_time":"2019-06-16T17:30:41+00:00","og_image":[{"url":"https:\/\/plumeriapassion.com\/wp-content\/uploads\/2018\/04\/logo.bmp","type":"","width":"","height":""}],"twitter_card":"summary_large_image","schema":{"@context":"https:\/\/schema.org","@graph":[{"@type":"WebPage","@id":"https:\/\/plumeriapassion.com\/index.php\/contact\/","url":"https:\/\/plumeriapassion.com\/index.php\/contact\/","name":"Service commercial - PLUMERIA PASSION - vente de frangipanier","isPartOf":{"@id":"https:\/\/plumeriapassion.com\/#website"},"primaryImageOfPage":{"@id":"https:\/\/plumeriapassion.com\/index.php\/contact\/#primaryimage"},"image":{"@id":"https:\/\/plumeriapassion.com\/index.php\/contact\/#primaryimage"},"thumbnailUrl":"https:\/\/plumeriapassion.com\/wp-content\/uploads\/2018\/04\/logo.bmp","datePublished":"2018-04-09T22:46:34+00:00","dateModified":"2019-06-16T17:30:41+00:00","description":"Pour toutes questions n'h\u00e9sitez pas \u00e0 rentrer en contact avec notre service commercial. Nous r\u00e9pondrons avec grand plaisir !!!","breadcrumb":{"@id":"https:\/\/plumeriapassion.com\/index.php\/contact\/#breadcrumb"},"inLanguage":"fr-FR","potentialAction":[{"@type":"ReadAction","target":["https:\/\/plumeriapassion.com\/index.php\/contact\/"]}]},{"@type":"ImageObject","inLanguage":"fr-FR","@id":"https:\/\/plumeriapassion.com\/index.php\/contact\/#primaryimage","url":"https:\/\/plumeriapassion.com\/wp-content\/uploads\/2018\/04\/logo.bmp","contentUrl":"https:\/\/plumeriapassion.com\/wp-content\/uploads\/2018\/04\/logo.bmp","width":696,"height":131,"caption":"vente plante tropicale"},{"@type":"BreadcrumbList","@id":"https:\/\/plumeriapassion.com\/index.php\/contact\/#breadcrumb","itemListElement":[{"@type":"ListItem","position":1,"name":"Accueil","item":"https:\/\/plumeriapassion.com\/"},{"@type":"ListItem","position":2,"name":"Contact"}]},{"@type":"WebSite","@id":"https:\/\/plumeriapassion.com\/#website","url":"https:\/\/plumeriapassion.com\/","name":"PLUMERIA PASSION","description":"","publisher":{"@id":"https:\/\/plumeriapassion.com\/#organization"},"potentialAction":[{"@type":"SearchAction","target":{"@type":"EntryPoint","urlTemplate":"https:\/\/plumeriapassion.com\/?s={search_term_string}"},"query-input":{"@type":"PropertyValueSpecification","valueRequired":true,"valueName":"search_term_string"}}],"inLanguage":"fr-FR"},{"@type":"Organization","@id":"https:\/\/plumeriapassion.com\/#organization","name":"Plumeria Passion","url":"https:\/\/plumeriapassion.com\/","logo":{"@type":"ImageObject","inLanguage":"fr-FR","@id":"https:\/\/plumeriapassion.com\/#\/schema\/logo\/image\/","url":"https:\/\/i2.wp.com\/plumeriapassion.com\/wp-content\/uploads\/2018\/04\/TEST-1.jpg?fit=781%2C495&ssl=1","contentUrl":"https:\/\/i2.wp.com\/plumeriapassion.com\/wp-content\/uploads\/2018\/04\/TEST-1.jpg?fit=781%2C495&ssl=1","width":781,"height":495,"caption":"Plumeria Passion"},"image":{"@id":"https:\/\/plumeriapassion.com\/#\/schema\/logo\/image\/"},"sameAs":["https:\/\/www.instagram.com\/plumeriapassion\/"]}]}},"jetpack_sharing_enabled":true,"jetpack_shortlink":"https:\/\/wp.me\/P9PiFE-3z","jetpack_likes_enabled":true,"jetpack-related-posts":[],"_links":{"self":[{"href":"https:\/\/plumeriapassion.com\/index.php\/wp-json\/wp\/v2\/pages\/221","targetHints":{"allow":["GET"]}}],"collection":[{"href":"https:\/\/plumeriapassion.com\/index.php\/wp-json\/wp\/v2\/pages"}],"about":[{"href":"https:\/\/plumeriapassion.com\/index.php\/wp-json\/wp\/v2\/types\/page"}],"author":[{"embeddable":true,"href":"https:\/\/plumeriapassion.com\/index.php\/wp-json\/wp\/v2\/users\/6"}],"replies":[{"embeddable":true,"href":"https:\/\/plumeriapassion.com\/index.php\/wp-json\/wp\/v2\/comments?post=221"}],"version-history":[{"count":27,"href":"https:\/\/plumeriapassion.com\/index.php\/wp-json\/wp\/v2\/pages\/221\/revisions"}],"predecessor-version":[{"id":986,"href":"https:\/\/plumeriapassion.com\/index.php\/wp-json\/wp\/v2\/pages\/221\/revisions\/986"}],"wp:attachment":[{"href":"https:\/\/plumeriapassion.com\/index.php\/wp-json\/wp\/v2\/media?parent=221"}],"curies":[{"name":"wp","href":"https:\/\/api.w.org\/{rel}","templated":true}]}}