{"id":1103,"date":"2019-12-09T10:56:12","date_gmt":"2019-12-09T09:56:12","guid":{"rendered":"https:\/\/plumeriapassion.com\/?page_id=1103"},"modified":"2019-12-09T13:39:00","modified_gmt":"2019-12-09T12:39:00","slug":"entretien-frangipanier-3","status":"publish","type":"page","link":"https:\/\/plumeriapassion.com\/index.php\/entretien-frangipanier-3\/","title":{"rendered":"Entretien frangipanier arrosage"},"content":{"rendered":"\t\t<div data-elementor-type=\"wp-post\" data-elementor-id=\"1103\" class=\"elementor elementor-1103\" data-elementor-settings=\"[]\">\n\t\t\t\t\t\t<div class=\"elementor-inner\">\n\t\t\t\t\t\t\t<div class=\"elementor-section-wrap\">\n\t\t\t\t\t\t\t<section class=\"elementor-section elementor-top-section elementor-element elementor-element-636aa70 elementor-section-boxed elementor-section-height-default elementor-section-height-default\" data-id=\"636aa70\" data-element_type=\"section\">\n\t\t\t\t\t\t<div class=\"elementor-container elementor-column-gap-default\">\n\t\t\t\t\t\t\t<div class=\"elementor-row\">\n\t\t\t\t\t<div class=\"elementor-column elementor-col-100 elementor-top-column elementor-element elementor-element-d1cd33d\" data-id=\"d1cd33d\" data-element_type=\"column\">\n\t\t\t<div class=\"elementor-column-wrap elementor-element-populated\">\n\t\t\t\t\t\t\t<div class=\"elementor-widget-wrap\">\n\t\t\t\t\t\t<div class=\"elementor-element elementor-element-5567365 elementor-widget elementor-widget-heading\" data-id=\"5567365\" data-element_type=\"widget\" data-widget_type=\"heading.default\">\n\t\t\t\t<div class=\"elementor-widget-container\">\n\t\t\t<h2 class=\"elementor-heading-title elementor-size-large\"><p style=\"margin-bottom: 0cm\" align=\"CENTER\"> <font style=\"font-size: 20pt\" size=\"4\"><b>Arrosage du frangipnanier ! Conseils entretien du frangipanier :\n<\/b><\/font>\n<\/p>\n<\/h2>\t\t<\/div>\n\t\t\t\t<\/div>\n\t\t\t\t\t\t<\/div>\n\t\t\t\t\t<\/div>\n\t\t<\/div>\n\t\t\t\t\t\t\t\t<\/div>\n\t\t\t\t\t<\/div>\n\t\t<\/section>\n\t\t\t\t<section class=\"elementor-section elementor-top-section elementor-element elementor-element-50b9639 elementor-section-boxed elementor-section-height-default elementor-section-height-default\" data-id=\"50b9639\" data-element_type=\"section\">\n\t\t\t\t\t\t<div class=\"elementor-container elementor-column-gap-default\">\n\t\t\t\t\t\t\t<div class=\"elementor-row\">\n\t\t\t\t\t<div class=\"elementor-column elementor-col-100 elementor-top-column elementor-element elementor-element-663ea2b\" data-id=\"663ea2b\" data-element_type=\"column\">\n\t\t\t<div class=\"elementor-column-wrap elementor-element-populated\">\n\t\t\t\t\t\t\t<div class=\"elementor-widget-wrap\">\n\t\t\t\t\t\t<div class=\"elementor-element elementor-element-5998558 elementor-widget elementor-widget-text-editor\" data-id=\"5998558\" data-element_type=\"widget\" data-widget_type=\"text-editor.default\">\n\t\t\t\t<div class=\"elementor-widget-container\">\n\t\t\t\t\t\t\t\t<div class=\"elementor-text-editor elementor-clearfix\">\n\t\t\t\t<p>\u00a0\u00a0\u00a0 Pour l&rsquo;entretien du frangipanier , les besoins en eau varient selon l&rsquo;\u00e9poque. En p\u00e9riode de croissance ou de dormance il faudra adapter leur besoin en eau. Quel que soit le moment il faut garder en t\u00eate que la premiere cause de perte de son frangipanier reste le trop d&rsquo;arrosage. Il est tr\u00e8s rare de perdre son frangipanier par un manque d&rsquo;eau. Ce sont de v\u00e9ritables chameaux !\u00a0 Ces conseils sont valables pour des plants en m\u00e9tropole o\u00f9 les saisons sont marqu\u00e9es et am\u00e8nent le frangipanier \u00e0 rentrer en dormance. Voici nos conseils by <a href=\"https:\/\/plumeriapassion.com\/\" target=\"_blank\" rel=\"noopener\">Plumeria Passion !<\/a><\/p><h2><span style=\"color: #9cd9ac;\"><b>P\u00e9riode de croissance :\u00a0<\/b><\/span><\/h2><p><img loading=\"lazy\" decoding=\"async\" data-attachment-id=\"1112\" data-permalink=\"https:\/\/plumeriapassion.com\/arrrosage-franipanier\/\" data-orig-file=\"https:\/\/i0.wp.com\/plumeriapassion.com\/wp-content\/uploads\/2019\/12\/arrrosage-franipanier.png?fit=3293%2C4001&amp;ssl=1\" data-orig-size=\"3293,4001\" data-comments-opened=\"0\" data-image-meta=\"{&quot;aperture&quot;:&quot;0&quot;,&quot;credit&quot;:&quot;&quot;,&quot;camera&quot;:&quot;&quot;,&quot;caption&quot;:&quot;&quot;,&quot;created_timestamp&quot;:&quot;0&quot;,&quot;copyright&quot;:&quot;&quot;,&quot;focal_length&quot;:&quot;0&quot;,&quot;iso&quot;:&quot;0&quot;,&quot;shutter_speed&quot;:&quot;0&quot;,&quot;title&quot;:&quot;&quot;,&quot;orientation&quot;:&quot;0&quot;}\" data-image-title=\"arrrosage franipanier\" data-image-description=\"\" data-image-caption=\"\" data-medium-file=\"https:\/\/i0.wp.com\/plumeriapassion.com\/wp-content\/uploads\/2019\/12\/arrrosage-franipanier.png?fit=247%2C300&amp;ssl=1\" data-large-file=\"https:\/\/i0.wp.com\/plumeriapassion.com\/wp-content\/uploads\/2019\/12\/arrrosage-franipanier.png?fit=843%2C1024&amp;ssl=1\" data-recalc-dims=\"1\" class=\"alignleft wp-image-1112 size-medium\" src=\"https:\/\/i0.wp.com\/plumeriapassion.com\/wp-content\/uploads\/2019\/12\/arrrosage-franipanier.png?resize=247%2C300&#038;ssl=1\" alt=\"entretien du frangipanier\" width=\"247\" height=\"300\" srcset=\"https:\/\/i0.wp.com\/plumeriapassion.com\/wp-content\/uploads\/2019\/12\/arrrosage-franipanier.png?w=3293&amp;ssl=1 3293w, https:\/\/i0.wp.com\/plumeriapassion.com\/wp-content\/uploads\/2019\/12\/arrrosage-franipanier.png?resize=247%2C300&amp;ssl=1 247w, https:\/\/i0.wp.com\/plumeriapassion.com\/wp-content\/uploads\/2019\/12\/arrrosage-franipanier.png?resize=768%2C933&amp;ssl=1 768w, https:\/\/i0.wp.com\/plumeriapassion.com\/wp-content\/uploads\/2019\/12\/arrrosage-franipanier.png?resize=843%2C1024&amp;ssl=1 843w, https:\/\/i0.wp.com\/plumeriapassion.com\/wp-content\/uploads\/2019\/12\/arrrosage-franipanier.png?resize=600%2C729&amp;ssl=1 600w, https:\/\/i0.wp.com\/plumeriapassion.com\/wp-content\/uploads\/2019\/12\/arrrosage-franipanier.png?w=2340&amp;ssl=1 2340w\" sizes=\"auto, (max-width: 247px) 100vw, 247px\" \/><\/p><p>Le principe universel\u00a0 est\u00a0 d&rsquo;arroser\u00a0 quand la terre en surface de votre pot\u00a0 devient s\u00e8che. Cela vous permet d&rsquo;\u00e9viter les exc\u00e8s d&rsquo;eau. Gardez une terre drainante en grattant avec une fourchette r\u00e9guli\u00e8rement la terre. Si vous n&rsquo;avez pas l&rsquo;habitude des plantes apprenez \u00e0 observer votre frangipanier. Arrosez le seulement si vous voyez les feuilles tombantes ou raplaplas. Si votre plante vous semble \u00a0\u00bb normale\u00a0\u00bb n&rsquo;arrosez pas. Attendez des signes indicateurs entre chaque arrosage. Ne partez pas du principe o\u00f9 il faut arroser le frangipanier tous les X jours. En p\u00e9riode de forte chaleur les feuillent seront tombantes bien plus rapidement qu&rsquo;au printemps ou \u00e0 l&rsquo;automne. Observez votre frangipanier c&rsquo;est la cl\u00e9 d&rsquo;un arrosage r\u00e9ussi !<\/p><h2><span style=\"color: #9cd9ac;\"><b>P\u00e9riode de dormance :\u00a0<\/b><\/span><\/h2><p><img loading=\"lazy\" decoding=\"async\" data-attachment-id=\"1111\" data-permalink=\"https:\/\/plumeriapassion.com\/arrosage-2-2\/\" data-orig-file=\"https:\/\/i0.wp.com\/plumeriapassion.com\/wp-content\/uploads\/2019\/12\/arrosage-2-2.png?fit=3293%2C4001&amp;ssl=1\" data-orig-size=\"3293,4001\" data-comments-opened=\"0\" data-image-meta=\"{&quot;aperture&quot;:&quot;0&quot;,&quot;credit&quot;:&quot;&quot;,&quot;camera&quot;:&quot;&quot;,&quot;caption&quot;:&quot;&quot;,&quot;created_timestamp&quot;:&quot;0&quot;,&quot;copyright&quot;:&quot;&quot;,&quot;focal_length&quot;:&quot;0&quot;,&quot;iso&quot;:&quot;0&quot;,&quot;shutter_speed&quot;:&quot;0&quot;,&quot;title&quot;:&quot;&quot;,&quot;orientation&quot;:&quot;0&quot;}\" data-image-title=\"arrosage 2-2\" data-image-description=\"\" data-image-caption=\"\" data-medium-file=\"https:\/\/i0.wp.com\/plumeriapassion.com\/wp-content\/uploads\/2019\/12\/arrosage-2-2.png?fit=247%2C300&amp;ssl=1\" data-large-file=\"https:\/\/i0.wp.com\/plumeriapassion.com\/wp-content\/uploads\/2019\/12\/arrosage-2-2.png?fit=843%2C1024&amp;ssl=1\" data-recalc-dims=\"1\" class=\"size-medium wp-image-1111 alignleft\" src=\"https:\/\/i0.wp.com\/plumeriapassion.com\/wp-content\/uploads\/2019\/12\/arrosage-2-2.png?resize=247%2C300&#038;ssl=1\" alt=\"\" width=\"247\" height=\"300\" srcset=\"https:\/\/i0.wp.com\/plumeriapassion.com\/wp-content\/uploads\/2019\/12\/arrosage-2-2.png?w=3293&amp;ssl=1 3293w, https:\/\/i0.wp.com\/plumeriapassion.com\/wp-content\/uploads\/2019\/12\/arrosage-2-2.png?resize=247%2C300&amp;ssl=1 247w, https:\/\/i0.wp.com\/plumeriapassion.com\/wp-content\/uploads\/2019\/12\/arrosage-2-2.png?resize=768%2C933&amp;ssl=1 768w, https:\/\/i0.wp.com\/plumeriapassion.com\/wp-content\/uploads\/2019\/12\/arrosage-2-2.png?resize=843%2C1024&amp;ssl=1 843w, https:\/\/i0.wp.com\/plumeriapassion.com\/wp-content\/uploads\/2019\/12\/arrosage-2-2.png?resize=600%2C729&amp;ssl=1 600w, https:\/\/i0.wp.com\/plumeriapassion.com\/wp-content\/uploads\/2019\/12\/arrosage-2-2.png?w=2340&amp;ssl=1 2340w\" sizes=\"auto, (max-width: 247px) 100vw, 247px\" \/><\/p><p>Cette p\u00e9riode est la plus d\u00e9licate \u00e0 g\u00e9rer car nous avons toujours tendance \u00e0 arroser nos frangipaniers lorsqu&rsquo;ils sont en dormance. Il faut savoir qu&rsquo;en m\u00e9tropole \u00e0 l&rsquo;arriv\u00e9e de l&rsquo;automne nos Plumeria vont rentrer en dormance jusqu&rsquo;au printemps prochain. Durant l&rsquo;hiver toute la s\u00e8ve laiteuse sera \u00e9limin\u00e9e et plus aucun \u00e9l\u00e9ment ne passera par les racines pour nourrir la plante. Le frangipanier rentre en hibernation et n&rsquo;a besoin d&rsquo;aucun apport. Sachant cela l&rsquo;arrosage ne sert strictement \u00e0 rien si ce n&rsquo;est de cr\u00e9er un champignon qui va faire pourrir les racines. Votre frangipanier peu tr\u00e8s bien rester 2-3 mois sans eau. Arrosez-le seulement si vous voyez son tronc se rider ou se courber, ce qui devrait arriver une ou deux fois durant sa p\u00e9riode de dormance. D\u00e8s que les beaux jours arrivent de nouvelles petites feuilles vont pousser et vous reprendrez un arrosage normal.<\/p><p>L&rsquo;\u00e9quipe <a href=\"https:\/\/www.plumeriapassion.com\" target=\"_blank\" rel=\"noopener\">Plumeria passion<\/a><\/p><p>Suivez nous sur <a href=\"https:\/\/www.facebook.com\/passionplumeria\/\" target=\"_blank\" rel=\"noopener\">facebook<\/a><\/p>\t\t\t\t\t<\/div>\n\t\t\t\t\t\t<\/div>\n\t\t\t\t<\/div>\n\t\t\t\t\t\t<\/div>\n\t\t\t\t\t<\/div>\n\t\t<\/div>\n\t\t\t\t\t\t\t\t<\/div>\n\t\t\t\t\t<\/div>\n\t\t<\/section>\n\t\t\t\t\t\t<\/div>\n\t\t\t\t\t\t<\/div>\n\t\t\t\t\t<\/div>\n\t\t","protected":false},"excerpt":{"rendered":"<p>Arrosage du frangipnanier ! Conseils entretien du frangipanier : \u00a0\u00a0\u00a0 Pour l&rsquo;entretien du frangipanier , les besoins en eau varient selon l&rsquo;\u00e9poque. En p\u00e9riode de croissance ou de dormance il faudra adapter leur besoin en eau. Quel que soit le moment il faut garder en t\u00eate que la premiere cause de perte de son frangipanier [&hellip;]<\/p>\n","protected":false},"author":6,"featured_media":0,"parent":0,"menu_order":0,"comment_status":"closed","ping_status":"closed","template":"","meta":{"jetpack_post_was_ever_published":false,"footnotes":""},"class_list":["post-1103","page","type-page","status-publish","hentry"],"yoast_head":"<!-- This site is optimized with the Yoast SEO plugin v24.8.1 - https:\/\/yoast.com\/wordpress\/plugins\/seo\/ -->\n<title>entretien du frangipanier - PLUMERIA PASSION - producteur<\/title>\n<meta name=\"description\" content=\"Tous nos conseils d&#039;entretien du frangipanier. PLUMERIA PASSION. Producteur de frangipanier du Sud de la France. Vente en ligne.\" \/>\n<meta name=\"robots\" content=\"index, follow, max-snippet:-1, max-image-preview:large, max-video-preview:-1\" \/>\n<link rel=\"canonical\" href=\"https:\/\/plumeriapassion.com\/index.php\/entretien-frangipanier-3\/\" \/>\n<meta property=\"og:locale\" content=\"fr_FR\" \/>\n<meta property=\"og:type\" content=\"article\" \/>\n<meta property=\"og:title\" content=\"entretien du frangipanier - PLUMERIA PASSION - producteur\" \/>\n<meta property=\"og:description\" content=\"Tous nos conseils d&#039;entretien du frangipanier. PLUMERIA PASSION. Producteur de frangipanier du Sud de la France. Vente en ligne.\" \/>\n<meta property=\"og:url\" content=\"https:\/\/plumeriapassion.com\/index.php\/entretien-frangipanier-3\/\" \/>\n<meta property=\"article:modified_time\" content=\"2019-12-09T12:39:00+00:00\" \/>\n<meta property=\"og:image\" content=\"https:\/\/plumeriapassion.com\/wp-content\/uploads\/2019\/12\/arrrosage-franipanier-247x300.png\" \/>\n<meta name=\"twitter:card\" content=\"summary_large_image\" \/>\n<meta name=\"twitter:label1\" content=\"Dur\u00e9e de lecture estim\u00e9e\" \/>\n\t<meta name=\"twitter:data1\" content=\"2 minutes\" \/>\n<script type=\"application\/ld+json\" class=\"yoast-schema-graph\">{\"@context\":\"https:\/\/schema.org\",\"@graph\":[{\"@type\":\"WebPage\",\"@id\":\"https:\/\/plumeriapassion.com\/index.php\/entretien-frangipanier-3\/\",\"url\":\"https:\/\/plumeriapassion.com\/index.php\/entretien-frangipanier-3\/\",\"name\":\"entretien du frangipanier - PLUMERIA PASSION - producteur\",\"isPartOf\":{\"@id\":\"https:\/\/plumeriapassion.com\/#website\"},\"primaryImageOfPage\":{\"@id\":\"https:\/\/plumeriapassion.com\/index.php\/entretien-frangipanier-3\/#primaryimage\"},\"image\":{\"@id\":\"https:\/\/plumeriapassion.com\/index.php\/entretien-frangipanier-3\/#primaryimage\"},\"thumbnailUrl\":\"https:\/\/plumeriapassion.com\/wp-content\/uploads\/2019\/12\/arrrosage-franipanier-247x300.png\",\"datePublished\":\"2019-12-09T09:56:12+00:00\",\"dateModified\":\"2019-12-09T12:39:00+00:00\",\"description\":\"Tous nos conseils d'entretien du frangipanier. PLUMERIA PASSION. Producteur de frangipanier du Sud de la France. Vente en ligne.\",\"breadcrumb\":{\"@id\":\"https:\/\/plumeriapassion.com\/index.php\/entretien-frangipanier-3\/#breadcrumb\"},\"inLanguage\":\"fr-FR\",\"potentialAction\":[{\"@type\":\"ReadAction\",\"target\":[\"https:\/\/plumeriapassion.com\/index.php\/entretien-frangipanier-3\/\"]}]},{\"@type\":\"ImageObject\",\"inLanguage\":\"fr-FR\",\"@id\":\"https:\/\/plumeriapassion.com\/index.php\/entretien-frangipanier-3\/#primaryimage\",\"url\":\"https:\/\/i0.wp.com\/plumeriapassion.com\/wp-content\/uploads\/2019\/12\/arrrosage-franipanier.png?fit=3293%2C4001&ssl=1\",\"contentUrl\":\"https:\/\/i0.wp.com\/plumeriapassion.com\/wp-content\/uploads\/2019\/12\/arrrosage-franipanier.png?fit=3293%2C4001&ssl=1\",\"width\":3293,\"height\":4001},{\"@type\":\"BreadcrumbList\",\"@id\":\"https:\/\/plumeriapassion.com\/index.php\/entretien-frangipanier-3\/#breadcrumb\",\"itemListElement\":[{\"@type\":\"ListItem\",\"position\":1,\"name\":\"Accueil\",\"item\":\"https:\/\/plumeriapassion.com\/\"},{\"@type\":\"ListItem\",\"position\":2,\"name\":\"Entretien frangipanier arrosage\"}]},{\"@type\":\"WebSite\",\"@id\":\"https:\/\/plumeriapassion.com\/#website\",\"url\":\"https:\/\/plumeriapassion.com\/\",\"name\":\"PLUMERIA PASSION\",\"description\":\"\",\"publisher\":{\"@id\":\"https:\/\/plumeriapassion.com\/#organization\"},\"potentialAction\":[{\"@type\":\"SearchAction\",\"target\":{\"@type\":\"EntryPoint\",\"urlTemplate\":\"https:\/\/plumeriapassion.com\/?s={search_term_string}\"},\"query-input\":{\"@type\":\"PropertyValueSpecification\",\"valueRequired\":true,\"valueName\":\"search_term_string\"}}],\"inLanguage\":\"fr-FR\"},{\"@type\":\"Organization\",\"@id\":\"https:\/\/plumeriapassion.com\/#organization\",\"name\":\"Plumeria Passion\",\"url\":\"https:\/\/plumeriapassion.com\/\",\"logo\":{\"@type\":\"ImageObject\",\"inLanguage\":\"fr-FR\",\"@id\":\"https:\/\/plumeriapassion.com\/#\/schema\/logo\/image\/\",\"url\":\"https:\/\/i2.wp.com\/plumeriapassion.com\/wp-content\/uploads\/2018\/04\/TEST-1.jpg?fit=781%2C495&ssl=1\",\"contentUrl\":\"https:\/\/i2.wp.com\/plumeriapassion.com\/wp-content\/uploads\/2018\/04\/TEST-1.jpg?fit=781%2C495&ssl=1\",\"width\":781,\"height\":495,\"caption\":\"Plumeria Passion\"},\"image\":{\"@id\":\"https:\/\/plumeriapassion.com\/#\/schema\/logo\/image\/\"},\"sameAs\":[\"https:\/\/www.instagram.com\/plumeriapassion\/\"]}]}<\/script>\n<!-- \/ Yoast SEO plugin. -->","yoast_head_json":{"title":"entretien du frangipanier - PLUMERIA PASSION - producteur","description":"Tous nos conseils d'entretien du frangipanier. PLUMERIA PASSION. Producteur de frangipanier du Sud de la France. Vente en ligne.","robots":{"index":"index","follow":"follow","max-snippet":"max-snippet:-1","max-image-preview":"max-image-preview:large","max-video-preview":"max-video-preview:-1"},"canonical":"https:\/\/plumeriapassion.com\/index.php\/entretien-frangipanier-3\/","og_locale":"fr_FR","og_type":"article","og_title":"entretien du frangipanier - PLUMERIA PASSION - producteur","og_description":"Tous nos conseils d'entretien du frangipanier. PLUMERIA PASSION. Producteur de frangipanier du Sud de la France. Vente en ligne.","og_url":"https:\/\/plumeriapassion.com\/index.php\/entretien-frangipanier-3\/","article_modified_time":"2019-12-09T12:39:00+00:00","og_image":[{"url":"https:\/\/plumeriapassion.com\/wp-content\/uploads\/2019\/12\/arrrosage-franipanier-247x300.png","type":"","width":"","height":""}],"twitter_card":"summary_large_image","twitter_misc":{"Dur\u00e9e de lecture estim\u00e9e":"2 minutes"},"schema":{"@context":"https:\/\/schema.org","@graph":[{"@type":"WebPage","@id":"https:\/\/plumeriapassion.com\/index.php\/entretien-frangipanier-3\/","url":"https:\/\/plumeriapassion.com\/index.php\/entretien-frangipanier-3\/","name":"entretien du frangipanier - PLUMERIA PASSION - producteur","isPartOf":{"@id":"https:\/\/plumeriapassion.com\/#website"},"primaryImageOfPage":{"@id":"https:\/\/plumeriapassion.com\/index.php\/entretien-frangipanier-3\/#primaryimage"},"image":{"@id":"https:\/\/plumeriapassion.com\/index.php\/entretien-frangipanier-3\/#primaryimage"},"thumbnailUrl":"https:\/\/plumeriapassion.com\/wp-content\/uploads\/2019\/12\/arrrosage-franipanier-247x300.png","datePublished":"2019-12-09T09:56:12+00:00","dateModified":"2019-12-09T12:39:00+00:00","description":"Tous nos conseils d'entretien du frangipanier. PLUMERIA PASSION. Producteur de frangipanier du Sud de la France. Vente en ligne.","breadcrumb":{"@id":"https:\/\/plumeriapassion.com\/index.php\/entretien-frangipanier-3\/#breadcrumb"},"inLanguage":"fr-FR","potentialAction":[{"@type":"ReadAction","target":["https:\/\/plumeriapassion.com\/index.php\/entretien-frangipanier-3\/"]}]},{"@type":"ImageObject","inLanguage":"fr-FR","@id":"https:\/\/plumeriapassion.com\/index.php\/entretien-frangipanier-3\/#primaryimage","url":"https:\/\/i0.wp.com\/plumeriapassion.com\/wp-content\/uploads\/2019\/12\/arrrosage-franipanier.png?fit=3293%2C4001&ssl=1","contentUrl":"https:\/\/i0.wp.com\/plumeriapassion.com\/wp-content\/uploads\/2019\/12\/arrrosage-franipanier.png?fit=3293%2C4001&ssl=1","width":3293,"height":4001},{"@type":"BreadcrumbList","@id":"https:\/\/plumeriapassion.com\/index.php\/entretien-frangipanier-3\/#breadcrumb","itemListElement":[{"@type":"ListItem","position":1,"name":"Accueil","item":"https:\/\/plumeriapassion.com\/"},{"@type":"ListItem","position":2,"name":"Entretien frangipanier arrosage"}]},{"@type":"WebSite","@id":"https:\/\/plumeriapassion.com\/#website","url":"https:\/\/plumeriapassion.com\/","name":"PLUMERIA PASSION","description":"","publisher":{"@id":"https:\/\/plumeriapassion.com\/#organization"},"potentialAction":[{"@type":"SearchAction","target":{"@type":"EntryPoint","urlTemplate":"https:\/\/plumeriapassion.com\/?s={search_term_string}"},"query-input":{"@type":"PropertyValueSpecification","valueRequired":true,"valueName":"search_term_string"}}],"inLanguage":"fr-FR"},{"@type":"Organization","@id":"https:\/\/plumeriapassion.com\/#organization","name":"Plumeria Passion","url":"https:\/\/plumeriapassion.com\/","logo":{"@type":"ImageObject","inLanguage":"fr-FR","@id":"https:\/\/plumeriapassion.com\/#\/schema\/logo\/image\/","url":"https:\/\/i2.wp.com\/plumeriapassion.com\/wp-content\/uploads\/2018\/04\/TEST-1.jpg?fit=781%2C495&ssl=1","contentUrl":"https:\/\/i2.wp.com\/plumeriapassion.com\/wp-content\/uploads\/2018\/04\/TEST-1.jpg?fit=781%2C495&ssl=1","width":781,"height":495,"caption":"Plumeria Passion"},"image":{"@id":"https:\/\/plumeriapassion.com\/#\/schema\/logo\/image\/"},"sameAs":["https:\/\/www.instagram.com\/plumeriapassion\/"]}]}},"jetpack_sharing_enabled":true,"jetpack_shortlink":"https:\/\/wp.me\/P9PiFE-hN","jetpack_likes_enabled":true,"jetpack-related-posts":[],"_links":{"self":[{"href":"https:\/\/plumeriapassion.com\/index.php\/wp-json\/wp\/v2\/pages\/1103","targetHints":{"allow":["GET"]}}],"collection":[{"href":"https:\/\/plumeriapassion.com\/index.php\/wp-json\/wp\/v2\/pages"}],"about":[{"href":"https:\/\/plumeriapassion.com\/index.php\/wp-json\/wp\/v2\/types\/page"}],"author":[{"embeddable":true,"href":"https:\/\/plumeriapassion.com\/index.php\/wp-json\/wp\/v2\/users\/6"}],"replies":[{"embeddable":true,"href":"https:\/\/plumeriapassion.com\/index.php\/wp-json\/wp\/v2\/comments?post=1103"}],"version-history":[{"count":13,"href":"https:\/\/plumeriapassion.com\/index.php\/wp-json\/wp\/v2\/pages\/1103\/revisions"}],"predecessor-version":[{"id":1127,"href":"https:\/\/plumeriapassion.com\/index.php\/wp-json\/wp\/v2\/pages\/1103\/revisions\/1127"}],"wp:attachment":[{"href":"https:\/\/plumeriapassion.com\/index.php\/wp-json\/wp\/v2\/media?parent=1103"}],"curies":[{"name":"wp","href":"https:\/\/api.w.org\/{rel}","templated":true}]}}