{"id":1082,"date":"2019-09-08T10:22:53","date_gmt":"2019-09-08T08:22:53","guid":{"rendered":"https:\/\/plumeriapassion.com\/?page_id=1082"},"modified":"2019-09-08T11:20:57","modified_gmt":"2019-09-08T09:20:57","slug":"entretien-frangipanier-2","status":"publish","type":"page","link":"https:\/\/plumeriapassion.com\/index.php\/entretien-frangipanier-2\/","title":{"rendered":"Entretien frangipanier"},"content":{"rendered":"\t\t<div data-elementor-type=\"wp-post\" data-elementor-id=\"1082\" class=\"elementor elementor-1082\" data-elementor-settings=\"[]\">\n\t\t\t\t\t\t<div class=\"elementor-inner\">\n\t\t\t\t\t\t\t<div class=\"elementor-section-wrap\">\n\t\t\t\t\t\t\t<section class=\"elementor-section elementor-top-section elementor-element elementor-element-8144d94 elementor-section-boxed elementor-section-height-default elementor-section-height-default\" data-id=\"8144d94\" data-element_type=\"section\">\n\t\t\t\t\t\t<div class=\"elementor-container elementor-column-gap-default\">\n\t\t\t\t\t\t\t<div class=\"elementor-row\">\n\t\t\t\t\t<div class=\"elementor-column elementor-col-100 elementor-top-column elementor-element elementor-element-f2ddce2\" data-id=\"f2ddce2\" data-element_type=\"column\">\n\t\t\t<div class=\"elementor-column-wrap elementor-element-populated\">\n\t\t\t\t\t\t\t<div class=\"elementor-widget-wrap\">\n\t\t\t\t\t\t<div class=\"elementor-element elementor-element-d3fcef3 elementor-widget elementor-widget-image\" data-id=\"d3fcef3\" data-element_type=\"widget\" data-widget_type=\"image.default\">\n\t\t\t\t<div class=\"elementor-widget-container\">\n\t\t\t\t\t\t\t\t<div class=\"elementor-image\">\n\t\t\t\t\t\t\t\t\t\t\t\t<img loading=\"lazy\" decoding=\"async\" width=\"571\" height=\"1024\" src=\"https:\/\/i0.wp.com\/plumeriapassion.com\/wp-content\/uploads\/2019\/09\/20190908_102901-2.jpg?fit=571%2C1024&amp;ssl=1\" class=\"attachment-large size-large\" alt=\"\" srcset=\"https:\/\/i0.wp.com\/plumeriapassion.com\/wp-content\/uploads\/2019\/09\/20190908_102901-2.jpg?w=2055&amp;ssl=1 2055w, https:\/\/i0.wp.com\/plumeriapassion.com\/wp-content\/uploads\/2019\/09\/20190908_102901-2.jpg?resize=167%2C300&amp;ssl=1 167w, https:\/\/i0.wp.com\/plumeriapassion.com\/wp-content\/uploads\/2019\/09\/20190908_102901-2.jpg?resize=768%2C1377&amp;ssl=1 768w, https:\/\/i0.wp.com\/plumeriapassion.com\/wp-content\/uploads\/2019\/09\/20190908_102901-2.jpg?resize=571%2C1024&amp;ssl=1 571w, https:\/\/i0.wp.com\/plumeriapassion.com\/wp-content\/uploads\/2019\/09\/20190908_102901-2.jpg?resize=600%2C1076&amp;ssl=1 600w\" sizes=\"auto, (max-width: 571px) 100vw, 571px\" data-attachment-id=\"1085\" data-permalink=\"https:\/\/plumeriapassion.com\/index.php\/entretien-frangipanier-2\/20190908_102901-2\/\" data-orig-file=\"https:\/\/i0.wp.com\/plumeriapassion.com\/wp-content\/uploads\/2019\/09\/20190908_102901-2.jpg?fit=2055%2C3684&amp;ssl=1\" data-orig-size=\"2055,3684\" data-comments-opened=\"0\" data-image-meta=\"{&quot;aperture&quot;:&quot;1.7&quot;,&quot;credit&quot;:&quot;&quot;,&quot;camera&quot;:&quot;SM-G935F&quot;,&quot;caption&quot;:&quot;&quot;,&quot;created_timestamp&quot;:&quot;1567938541&quot;,&quot;copyright&quot;:&quot;&quot;,&quot;focal_length&quot;:&quot;4.2&quot;,&quot;iso&quot;:&quot;40&quot;,&quot;shutter_speed&quot;:&quot;0.01&quot;,&quot;title&quot;:&quot;&quot;,&quot;orientation&quot;:&quot;0&quot;}\" data-image-title=\"20190908_102901-2\" data-image-description=\"\" data-image-caption=\"\" data-medium-file=\"https:\/\/i0.wp.com\/plumeriapassion.com\/wp-content\/uploads\/2019\/09\/20190908_102901-2.jpg?fit=167%2C300&amp;ssl=1\" data-large-file=\"https:\/\/i0.wp.com\/plumeriapassion.com\/wp-content\/uploads\/2019\/09\/20190908_102901-2.jpg?fit=571%2C1024&amp;ssl=1\" \/>\t\t\t\t\t\t\t\t\t\t\t\t\t\t<\/div>\n\t\t\t\t\t\t<\/div>\n\t\t\t\t<\/div>\n\t\t\t\t\t\t<\/div>\n\t\t\t\t\t<\/div>\n\t\t<\/div>\n\t\t\t\t\t\t\t\t<\/div>\n\t\t\t\t\t<\/div>\n\t\t<\/section>\n\t\t\t\t<section class=\"elementor-section elementor-top-section elementor-element elementor-element-636aa70 elementor-section-boxed elementor-section-height-default elementor-section-height-default\" data-id=\"636aa70\" data-element_type=\"section\">\n\t\t\t\t\t\t<div class=\"elementor-container elementor-column-gap-default\">\n\t\t\t\t\t\t\t<div class=\"elementor-row\">\n\t\t\t\t\t<div class=\"elementor-column elementor-col-100 elementor-top-column elementor-element elementor-element-d1cd33d\" data-id=\"d1cd33d\" data-element_type=\"column\">\n\t\t\t<div class=\"elementor-column-wrap elementor-element-populated\">\n\t\t\t\t\t\t\t<div class=\"elementor-widget-wrap\">\n\t\t\t\t\t\t<div class=\"elementor-element elementor-element-5567365 elementor-widget elementor-widget-heading\" data-id=\"5567365\" data-element_type=\"widget\" data-widget_type=\"heading.default\">\n\t\t\t\t<div class=\"elementor-widget-container\">\n\t\t\t<h2 class=\"elementor-heading-title elementor-size-large\"><p style=\"margin-bottom: 0cm\" align=\"CENTER\"> <font style=\"font-size: 20pt\" size=\"4\"><b>Des\npoints blancs qui Apparaissent sur le Feuillage, l'araign\u00e9e ! Conseils entretien du frangipanier :\n<\/b><\/font>\n<\/p>\n<\/h2>\t\t<\/div>\n\t\t\t\t<\/div>\n\t\t\t\t\t\t<\/div>\n\t\t\t\t\t<\/div>\n\t\t<\/div>\n\t\t\t\t\t\t\t\t<\/div>\n\t\t\t\t\t<\/div>\n\t\t<\/section>\n\t\t\t\t<section class=\"elementor-section elementor-top-section elementor-element elementor-element-50b9639 elementor-section-boxed elementor-section-height-default elementor-section-height-default\" data-id=\"50b9639\" data-element_type=\"section\">\n\t\t\t\t\t\t<div class=\"elementor-container elementor-column-gap-default\">\n\t\t\t\t\t\t\t<div class=\"elementor-row\">\n\t\t\t\t\t<div class=\"elementor-column elementor-col-100 elementor-top-column elementor-element elementor-element-663ea2b\" data-id=\"663ea2b\" data-element_type=\"column\">\n\t\t\t<div class=\"elementor-column-wrap elementor-element-populated\">\n\t\t\t\t\t\t\t<div class=\"elementor-widget-wrap\">\n\t\t\t\t\t\t<div class=\"elementor-element elementor-element-5998558 elementor-widget elementor-widget-text-editor\" data-id=\"5998558\" data-element_type=\"widget\" data-widget_type=\"text-editor.default\">\n\t\t\t\t<div class=\"elementor-widget-container\">\n\t\t\t\t\t\t\t\t<div class=\"elementor-text-editor elementor-clearfix\">\n\t\t\t\t<p>\u00a0\u00a0\u00a0 Pour l&rsquo;entretien du frangipanier, l&rsquo;on cherche souvent la Maladie l\u00e0 o\u00f9 il n&rsquo;y a qu&rsquo;une maladresse du Jardinier. Heureusement, ce n&rsquo;est pas une affection tr\u00e8s Difficile \u00e0 soigner.<\/p><p>\u00a0\u00a0\u00a0 En p\u00e9riode estivale, il est fort probable que de petites araign\u00e9es s&rsquo;installent sur votre frangipanier. Il est facile de les reconna\u00eetre car elles font de nombreuses piq\u00fbres sur la nervure de la feuille. A un stade avanc\u00e9 nous pouvons m\u00eame voir de fines toiles au centre de la feuille. Rien de grave votre frangipanier ne va pas mourir pour autant. Il va falloir le traiter et l&rsquo;ann\u00e9e prochaine vous ne vous ferez plus avoir.<\/p><p>\u00a0\u00a0\u00a0 Ces petites b\u00eates apparaissent g\u00e9n\u00e9ralement \u00e0 partir de la p\u00e9riode estivale. En pr\u00e9vention pour \u00e9viter qu&rsquo;elles s&rsquo;installent il est recommand\u00e9 de brumiser les feuilles r\u00e9guli\u00e8rement. Attention \u00e0 ne pas confondre brumiser et arroser ( la r\u00e8gle d&rsquo;or et d&rsquo;arroser quand la terre en surface est s\u00e8che ). L&rsquo;araign\u00e9e n&rsquo;aimant pas l&rsquo;humidit\u00e9 elle ne s&rsquo;installera pas sur les feuilles si vous brumisez en pr\u00e9vention.<br \/>\u00a0\u00a0\u00a0\u00a0\u00a0 Si malgr\u00e9 tout vous voyez que votre plante est envahie. Il faudra proc\u00e9der \u00e0 un traitement. \u00c0 base de savon noir et d&rsquo;alcool il sera appliqu\u00e9 le soir. Le lendemain matin il sera important de passer un coup d&rsquo;eau sur les feuilles afin d&rsquo;enlever le produit qui aura agit durant la nuit. Cela \u00e9vitera toute br\u00fblure lorsque le soleil appara\u00eetra. On proc\u00e9dera 3 jours apr\u00e8s \u00e0 la m\u00eame manipulation. Si vous voyez que malgr\u00e9 tout il y a toujours de l&rsquo;araign\u00e9e sur votre frangipanier il faudra renouveler le traitement.<\/p><p>\u00a0<\/p><p><strong>Pour le dosage : 150 ml de savon noir + 50 ml l&rsquo;alcool m\u00e9nager + 800 ml d&rsquo;eau<\/strong><\/p><p><br \/>Besoin d&rsquo;aide compl\u00e9mentaire rejoignez-nous sur notre page <a href=\"https:\/\/www.facebook.com\/passionplumeria\/\" target=\"_blank\" rel=\"noopener\">facebook<\/a> \ud83d\ude42<\/p><p>L&rsquo;\u00e9quipe <a href=\"https:\/\/www.plumeriapassion.com\" target=\"_blank\" rel=\"noopener\">Plumeria passion<\/a><\/p>\t\t\t\t\t<\/div>\n\t\t\t\t\t\t<\/div>\n\t\t\t\t<\/div>\n\t\t\t\t\t\t<\/div>\n\t\t\t\t\t<\/div>\n\t\t<\/div>\n\t\t\t\t\t\t\t\t<\/div>\n\t\t\t\t\t<\/div>\n\t\t<\/section>\n\t\t\t\t\t\t<\/div>\n\t\t\t\t\t\t<\/div>\n\t\t\t\t\t<\/div>\n\t\t","protected":false},"excerpt":{"rendered":"<p>Des points blancs qui Apparaissent sur le Feuillage, l&rsquo;araign\u00e9e ! Conseils entretien du frangipanier : \u00a0\u00a0\u00a0 Pour l&rsquo;entretien du frangipanier, l&rsquo;on cherche souvent la Maladie l\u00e0 o\u00f9 il n&rsquo;y a qu&rsquo;une maladresse du Jardinier. Heureusement, ce n&rsquo;est pas une affection tr\u00e8s Difficile \u00e0 soigner. Apprenez \u00e0 observer votre frangipanier cela vous \u00e9vitera de nombreux petits [&hellip;]<\/p>\n","protected":false},"author":6,"featured_media":0,"parent":0,"menu_order":0,"comment_status":"closed","ping_status":"closed","template":"","meta":{"jetpack_post_was_ever_published":false,"footnotes":""},"class_list":["post-1082","page","type-page","status-publish","hentry"],"yoast_head":"<!-- This site is optimized with the Yoast SEO plugin v24.8.1 - https:\/\/yoast.com\/wordpress\/plugins\/seo\/ -->\n<title>entretien du frangipanier - PLUMERIA PASSION - producteur<\/title>\n<meta name=\"description\" content=\"Tous nos conseils d&#039;entretien du frangipanier. PLUMERIA PASSION. Producteur de frangipanier du Sud de la France. Vente en ligne.\" \/>\n<meta name=\"robots\" content=\"index, follow, max-snippet:-1, max-image-preview:large, max-video-preview:-1\" \/>\n<link rel=\"canonical\" href=\"https:\/\/plumeriapassion.com\/index.php\/entretien-frangipanier-2\/\" \/>\n<meta property=\"og:locale\" content=\"fr_FR\" \/>\n<meta property=\"og:type\" content=\"article\" \/>\n<meta property=\"og:title\" content=\"entretien du frangipanier - PLUMERIA PASSION - producteur\" \/>\n<meta property=\"og:description\" content=\"Tous nos conseils d&#039;entretien du frangipanier. PLUMERIA PASSION. Producteur de frangipanier du Sud de la France. Vente en ligne.\" \/>\n<meta property=\"og:url\" content=\"https:\/\/plumeriapassion.com\/index.php\/entretien-frangipanier-2\/\" \/>\n<meta property=\"article:modified_time\" content=\"2019-09-08T09:20:57+00:00\" \/>\n<meta property=\"og:image\" content=\"https:\/\/plumeriapassion.com\/wp-content\/uploads\/2019\/09\/20190908_102901-2-571x1024.jpg\" \/>\n<meta name=\"twitter:card\" content=\"summary_large_image\" \/>\n<meta name=\"twitter:label1\" content=\"Dur\u00e9e de lecture estim\u00e9e\" \/>\n\t<meta name=\"twitter:data1\" content=\"2 minutes\" \/>\n<script type=\"application\/ld+json\" class=\"yoast-schema-graph\">{\"@context\":\"https:\/\/schema.org\",\"@graph\":[{\"@type\":\"WebPage\",\"@id\":\"https:\/\/plumeriapassion.com\/index.php\/entretien-frangipanier-2\/\",\"url\":\"https:\/\/plumeriapassion.com\/index.php\/entretien-frangipanier-2\/\",\"name\":\"entretien du frangipanier - PLUMERIA PASSION - producteur\",\"isPartOf\":{\"@id\":\"https:\/\/plumeriapassion.com\/#website\"},\"primaryImageOfPage\":{\"@id\":\"https:\/\/plumeriapassion.com\/index.php\/entretien-frangipanier-2\/#primaryimage\"},\"image\":{\"@id\":\"https:\/\/plumeriapassion.com\/index.php\/entretien-frangipanier-2\/#primaryimage\"},\"thumbnailUrl\":\"https:\/\/plumeriapassion.com\/wp-content\/uploads\/2019\/09\/20190908_102901-2-571x1024.jpg\",\"datePublished\":\"2019-09-08T08:22:53+00:00\",\"dateModified\":\"2019-09-08T09:20:57+00:00\",\"description\":\"Tous nos conseils d'entretien du frangipanier. PLUMERIA PASSION. Producteur de frangipanier du Sud de la France. Vente en ligne.\",\"breadcrumb\":{\"@id\":\"https:\/\/plumeriapassion.com\/index.php\/entretien-frangipanier-2\/#breadcrumb\"},\"inLanguage\":\"fr-FR\",\"potentialAction\":[{\"@type\":\"ReadAction\",\"target\":[\"https:\/\/plumeriapassion.com\/index.php\/entretien-frangipanier-2\/\"]}]},{\"@type\":\"ImageObject\",\"inLanguage\":\"fr-FR\",\"@id\":\"https:\/\/plumeriapassion.com\/index.php\/entretien-frangipanier-2\/#primaryimage\",\"url\":\"https:\/\/i0.wp.com\/plumeriapassion.com\/wp-content\/uploads\/2019\/09\/20190908_102901-2.jpg?fit=2055%2C3684&ssl=1\",\"contentUrl\":\"https:\/\/i0.wp.com\/plumeriapassion.com\/wp-content\/uploads\/2019\/09\/20190908_102901-2.jpg?fit=2055%2C3684&ssl=1\",\"width\":2055,\"height\":3684},{\"@type\":\"BreadcrumbList\",\"@id\":\"https:\/\/plumeriapassion.com\/index.php\/entretien-frangipanier-2\/#breadcrumb\",\"itemListElement\":[{\"@type\":\"ListItem\",\"position\":1,\"name\":\"Accueil\",\"item\":\"https:\/\/plumeriapassion.com\/\"},{\"@type\":\"ListItem\",\"position\":2,\"name\":\"Entretien frangipanier\"}]},{\"@type\":\"WebSite\",\"@id\":\"https:\/\/plumeriapassion.com\/#website\",\"url\":\"https:\/\/plumeriapassion.com\/\",\"name\":\"PLUMERIA PASSION\",\"description\":\"\",\"publisher\":{\"@id\":\"https:\/\/plumeriapassion.com\/#organization\"},\"potentialAction\":[{\"@type\":\"SearchAction\",\"target\":{\"@type\":\"EntryPoint\",\"urlTemplate\":\"https:\/\/plumeriapassion.com\/?s={search_term_string}\"},\"query-input\":{\"@type\":\"PropertyValueSpecification\",\"valueRequired\":true,\"valueName\":\"search_term_string\"}}],\"inLanguage\":\"fr-FR\"},{\"@type\":\"Organization\",\"@id\":\"https:\/\/plumeriapassion.com\/#organization\",\"name\":\"Plumeria Passion\",\"url\":\"https:\/\/plumeriapassion.com\/\",\"logo\":{\"@type\":\"ImageObject\",\"inLanguage\":\"fr-FR\",\"@id\":\"https:\/\/plumeriapassion.com\/#\/schema\/logo\/image\/\",\"url\":\"https:\/\/i2.wp.com\/plumeriapassion.com\/wp-content\/uploads\/2018\/04\/TEST-1.jpg?fit=781%2C495&ssl=1\",\"contentUrl\":\"https:\/\/i2.wp.com\/plumeriapassion.com\/wp-content\/uploads\/2018\/04\/TEST-1.jpg?fit=781%2C495&ssl=1\",\"width\":781,\"height\":495,\"caption\":\"Plumeria Passion\"},\"image\":{\"@id\":\"https:\/\/plumeriapassion.com\/#\/schema\/logo\/image\/\"},\"sameAs\":[\"https:\/\/www.instagram.com\/plumeriapassion\/\"]}]}<\/script>\n<!-- \/ Yoast SEO plugin. -->","yoast_head_json":{"title":"entretien du frangipanier - PLUMERIA PASSION - producteur","description":"Tous nos conseils d'entretien du frangipanier. PLUMERIA PASSION. Producteur de frangipanier du Sud de la France. Vente en ligne.","robots":{"index":"index","follow":"follow","max-snippet":"max-snippet:-1","max-image-preview":"max-image-preview:large","max-video-preview":"max-video-preview:-1"},"canonical":"https:\/\/plumeriapassion.com\/index.php\/entretien-frangipanier-2\/","og_locale":"fr_FR","og_type":"article","og_title":"entretien du frangipanier - PLUMERIA PASSION - producteur","og_description":"Tous nos conseils d'entretien du frangipanier. PLUMERIA PASSION. Producteur de frangipanier du Sud de la France. Vente en ligne.","og_url":"https:\/\/plumeriapassion.com\/index.php\/entretien-frangipanier-2\/","article_modified_time":"2019-09-08T09:20:57+00:00","og_image":[{"url":"https:\/\/plumeriapassion.com\/wp-content\/uploads\/2019\/09\/20190908_102901-2-571x1024.jpg","type":"","width":"","height":""}],"twitter_card":"summary_large_image","twitter_misc":{"Dur\u00e9e de lecture estim\u00e9e":"2 minutes"},"schema":{"@context":"https:\/\/schema.org","@graph":[{"@type":"WebPage","@id":"https:\/\/plumeriapassion.com\/index.php\/entretien-frangipanier-2\/","url":"https:\/\/plumeriapassion.com\/index.php\/entretien-frangipanier-2\/","name":"entretien du frangipanier - PLUMERIA PASSION - producteur","isPartOf":{"@id":"https:\/\/plumeriapassion.com\/#website"},"primaryImageOfPage":{"@id":"https:\/\/plumeriapassion.com\/index.php\/entretien-frangipanier-2\/#primaryimage"},"image":{"@id":"https:\/\/plumeriapassion.com\/index.php\/entretien-frangipanier-2\/#primaryimage"},"thumbnailUrl":"https:\/\/plumeriapassion.com\/wp-content\/uploads\/2019\/09\/20190908_102901-2-571x1024.jpg","datePublished":"2019-09-08T08:22:53+00:00","dateModified":"2019-09-08T09:20:57+00:00","description":"Tous nos conseils d'entretien du frangipanier. PLUMERIA PASSION. Producteur de frangipanier du Sud de la France. Vente en ligne.","breadcrumb":{"@id":"https:\/\/plumeriapassion.com\/index.php\/entretien-frangipanier-2\/#breadcrumb"},"inLanguage":"fr-FR","potentialAction":[{"@type":"ReadAction","target":["https:\/\/plumeriapassion.com\/index.php\/entretien-frangipanier-2\/"]}]},{"@type":"ImageObject","inLanguage":"fr-FR","@id":"https:\/\/plumeriapassion.com\/index.php\/entretien-frangipanier-2\/#primaryimage","url":"https:\/\/i0.wp.com\/plumeriapassion.com\/wp-content\/uploads\/2019\/09\/20190908_102901-2.jpg?fit=2055%2C3684&ssl=1","contentUrl":"https:\/\/i0.wp.com\/plumeriapassion.com\/wp-content\/uploads\/2019\/09\/20190908_102901-2.jpg?fit=2055%2C3684&ssl=1","width":2055,"height":3684},{"@type":"BreadcrumbList","@id":"https:\/\/plumeriapassion.com\/index.php\/entretien-frangipanier-2\/#breadcrumb","itemListElement":[{"@type":"ListItem","position":1,"name":"Accueil","item":"https:\/\/plumeriapassion.com\/"},{"@type":"ListItem","position":2,"name":"Entretien frangipanier"}]},{"@type":"WebSite","@id":"https:\/\/plumeriapassion.com\/#website","url":"https:\/\/plumeriapassion.com\/","name":"PLUMERIA PASSION","description":"","publisher":{"@id":"https:\/\/plumeriapassion.com\/#organization"},"potentialAction":[{"@type":"SearchAction","target":{"@type":"EntryPoint","urlTemplate":"https:\/\/plumeriapassion.com\/?s={search_term_string}"},"query-input":{"@type":"PropertyValueSpecification","valueRequired":true,"valueName":"search_term_string"}}],"inLanguage":"fr-FR"},{"@type":"Organization","@id":"https:\/\/plumeriapassion.com\/#organization","name":"Plumeria Passion","url":"https:\/\/plumeriapassion.com\/","logo":{"@type":"ImageObject","inLanguage":"fr-FR","@id":"https:\/\/plumeriapassion.com\/#\/schema\/logo\/image\/","url":"https:\/\/i2.wp.com\/plumeriapassion.com\/wp-content\/uploads\/2018\/04\/TEST-1.jpg?fit=781%2C495&ssl=1","contentUrl":"https:\/\/i2.wp.com\/plumeriapassion.com\/wp-content\/uploads\/2018\/04\/TEST-1.jpg?fit=781%2C495&ssl=1","width":781,"height":495,"caption":"Plumeria Passion"},"image":{"@id":"https:\/\/plumeriapassion.com\/#\/schema\/logo\/image\/"},"sameAs":["https:\/\/www.instagram.com\/plumeriapassion\/"]}]}},"jetpack_sharing_enabled":true,"jetpack_shortlink":"https:\/\/wp.me\/P9PiFE-hs","jetpack_likes_enabled":true,"jetpack-related-posts":[],"_links":{"self":[{"href":"https:\/\/plumeriapassion.com\/index.php\/wp-json\/wp\/v2\/pages\/1082","targetHints":{"allow":["GET"]}}],"collection":[{"href":"https:\/\/plumeriapassion.com\/index.php\/wp-json\/wp\/v2\/pages"}],"about":[{"href":"https:\/\/plumeriapassion.com\/index.php\/wp-json\/wp\/v2\/types\/page"}],"author":[{"embeddable":true,"href":"https:\/\/plumeriapassion.com\/index.php\/wp-json\/wp\/v2\/users\/6"}],"replies":[{"embeddable":true,"href":"https:\/\/plumeriapassion.com\/index.php\/wp-json\/wp\/v2\/comments?post=1082"}],"version-history":[{"count":4,"href":"https:\/\/plumeriapassion.com\/index.php\/wp-json\/wp\/v2\/pages\/1082\/revisions"}],"predecessor-version":[{"id":1088,"href":"https:\/\/plumeriapassion.com\/index.php\/wp-json\/wp\/v2\/pages\/1082\/revisions\/1088"}],"wp:attachment":[{"href":"https:\/\/plumeriapassion.com\/index.php\/wp-json\/wp\/v2\/media?parent=1082"}],"curies":[{"name":"wp","href":"https:\/\/api.w.org\/{rel}","templated":true}]}}