{"id":1053,"date":"2019-07-22T13:45:57","date_gmt":"2019-07-22T11:45:57","guid":{"rendered":"https:\/\/plumeriapassion.com\/?page_id=1053"},"modified":"2019-07-26T08:51:31","modified_gmt":"2019-07-26T06:51:31","slug":"entretien-frangipanier","status":"publish","type":"page","link":"https:\/\/plumeriapassion.com\/index.php\/entretien-frangipanier\/","title":{"rendered":"Entretien frangipanier"},"content":{"rendered":"\t\t<div data-elementor-type=\"wp-post\" data-elementor-id=\"1053\" class=\"elementor elementor-1053\" data-elementor-settings=\"[]\">\n\t\t\t\t\t\t<div class=\"elementor-inner\">\n\t\t\t\t\t\t\t<div class=\"elementor-section-wrap\">\n\t\t\t\t\t\t\t<section class=\"elementor-section elementor-top-section elementor-element elementor-element-8144d94 elementor-section-boxed elementor-section-height-default elementor-section-height-default\" data-id=\"8144d94\" data-element_type=\"section\">\n\t\t\t\t\t\t<div class=\"elementor-container elementor-column-gap-default\">\n\t\t\t\t\t\t\t<div class=\"elementor-row\">\n\t\t\t\t\t<div class=\"elementor-column elementor-col-100 elementor-top-column elementor-element elementor-element-f2ddce2\" data-id=\"f2ddce2\" data-element_type=\"column\">\n\t\t\t<div class=\"elementor-column-wrap elementor-element-populated\">\n\t\t\t\t\t\t\t<div class=\"elementor-widget-wrap\">\n\t\t\t\t\t\t<div class=\"elementor-element elementor-element-d3fcef3 elementor-widget elementor-widget-image\" data-id=\"d3fcef3\" data-element_type=\"widget\" data-widget_type=\"image.default\">\n\t\t\t\t<div class=\"elementor-widget-container\">\n\t\t\t\t\t\t\t\t<div class=\"elementor-image\">\n\t\t\t\t\t\t\t\t\t\t\t\t<img loading=\"lazy\" decoding=\"async\" width=\"768\" height=\"1024\" src=\"https:\/\/i0.wp.com\/plumeriapassion.com\/wp-content\/uploads\/2018\/11\/20181102_164704.jpg?fit=768%2C1024&amp;ssl=1\" class=\"attachment-large size-large\" alt=\"\" srcset=\"https:\/\/i0.wp.com\/plumeriapassion.com\/wp-content\/uploads\/2018\/11\/20181102_164704.jpg?w=3024&amp;ssl=1 3024w, https:\/\/i0.wp.com\/plumeriapassion.com\/wp-content\/uploads\/2018\/11\/20181102_164704.jpg?resize=225%2C300&amp;ssl=1 225w, https:\/\/i0.wp.com\/plumeriapassion.com\/wp-content\/uploads\/2018\/11\/20181102_164704.jpg?resize=768%2C1024&amp;ssl=1 768w, https:\/\/i0.wp.com\/plumeriapassion.com\/wp-content\/uploads\/2018\/11\/20181102_164704.jpg?resize=600%2C800&amp;ssl=1 600w, https:\/\/i0.wp.com\/plumeriapassion.com\/wp-content\/uploads\/2018\/11\/20181102_164704.jpg?w=2340&amp;ssl=1 2340w\" sizes=\"auto, (max-width: 768px) 100vw, 768px\" data-attachment-id=\"554\" data-permalink=\"https:\/\/plumeriapassion.com\/index.php\/feuille-symptomes\/20181102_164704\/\" data-orig-file=\"https:\/\/i0.wp.com\/plumeriapassion.com\/wp-content\/uploads\/2018\/11\/20181102_164704.jpg?fit=3024%2C4032&amp;ssl=1\" data-orig-size=\"3024,4032\" data-comments-opened=\"1\" data-image-meta=\"{&quot;aperture&quot;:&quot;1.7&quot;,&quot;credit&quot;:&quot;&quot;,&quot;camera&quot;:&quot;SM-G935F&quot;,&quot;caption&quot;:&quot;&quot;,&quot;created_timestamp&quot;:&quot;1541177224&quot;,&quot;copyright&quot;:&quot;&quot;,&quot;focal_length&quot;:&quot;4.2&quot;,&quot;iso&quot;:&quot;80&quot;,&quot;shutter_speed&quot;:&quot;0.01&quot;,&quot;title&quot;:&quot;&quot;,&quot;orientation&quot;:&quot;1&quot;}\" data-image-title=\"20181102_164704\" data-image-description=\"\" data-image-caption=\"\" data-medium-file=\"https:\/\/i0.wp.com\/plumeriapassion.com\/wp-content\/uploads\/2018\/11\/20181102_164704.jpg?fit=225%2C300&amp;ssl=1\" data-large-file=\"https:\/\/i0.wp.com\/plumeriapassion.com\/wp-content\/uploads\/2018\/11\/20181102_164704.jpg?fit=768%2C1024&amp;ssl=1\" \/>\t\t\t\t\t\t\t\t\t\t\t\t\t\t<\/div>\n\t\t\t\t\t\t<\/div>\n\t\t\t\t<\/div>\n\t\t\t\t\t\t<\/div>\n\t\t\t\t\t<\/div>\n\t\t<\/div>\n\t\t\t\t\t\t\t\t<\/div>\n\t\t\t\t\t<\/div>\n\t\t<\/section>\n\t\t\t\t<section class=\"elementor-section elementor-top-section elementor-element elementor-element-636aa70 elementor-section-boxed elementor-section-height-default elementor-section-height-default\" data-id=\"636aa70\" data-element_type=\"section\">\n\t\t\t\t\t\t<div class=\"elementor-container elementor-column-gap-default\">\n\t\t\t\t\t\t\t<div class=\"elementor-row\">\n\t\t\t\t\t<div class=\"elementor-column elementor-col-100 elementor-top-column elementor-element elementor-element-d1cd33d\" data-id=\"d1cd33d\" data-element_type=\"column\">\n\t\t\t<div class=\"elementor-column-wrap elementor-element-populated\">\n\t\t\t\t\t\t\t<div class=\"elementor-widget-wrap\">\n\t\t\t\t\t\t<div class=\"elementor-element elementor-element-5567365 elementor-widget elementor-widget-heading\" data-id=\"5567365\" data-element_type=\"widget\" data-widget_type=\"heading.default\">\n\t\t\t\t<div class=\"elementor-widget-container\">\n\t\t\t<h2 class=\"elementor-heading-title elementor-size-large\"><p style=\"margin-bottom: 0cm\" align=\"CENTER\"> <font style=\"font-size: 20pt\" size=\"4\"><b>Des\nTaches Claires qui Apparaissent sur le Feuillage, puis qui grillent ! Conseils entretien du frangipanier :\n<\/b><\/font>\n<\/p>\n<\/h2>\t\t<\/div>\n\t\t\t\t<\/div>\n\t\t\t\t\t\t<\/div>\n\t\t\t\t\t<\/div>\n\t\t<\/div>\n\t\t\t\t\t\t\t\t<\/div>\n\t\t\t\t\t<\/div>\n\t\t<\/section>\n\t\t\t\t<section class=\"elementor-section elementor-top-section elementor-element elementor-element-50b9639 elementor-section-boxed elementor-section-height-default elementor-section-height-default\" data-id=\"50b9639\" data-element_type=\"section\">\n\t\t\t\t\t\t<div class=\"elementor-container elementor-column-gap-default\">\n\t\t\t\t\t\t\t<div class=\"elementor-row\">\n\t\t\t\t\t<div class=\"elementor-column elementor-col-100 elementor-top-column elementor-element elementor-element-663ea2b\" data-id=\"663ea2b\" data-element_type=\"column\">\n\t\t\t<div class=\"elementor-column-wrap elementor-element-populated\">\n\t\t\t\t\t\t\t<div class=\"elementor-widget-wrap\">\n\t\t\t\t\t\t<div class=\"elementor-element elementor-element-5998558 elementor-widget elementor-widget-text-editor\" data-id=\"5998558\" data-element_type=\"widget\" data-widget_type=\"text-editor.default\">\n\t\t\t\t<div class=\"elementor-widget-container\">\n\t\t\t\t\t\t\t\t<div class=\"elementor-text-editor elementor-clearfix\">\n\t\t\t\t<p>&nbsp;&nbsp;&nbsp; Pour l&rsquo;entretien du frangipanier, l&rsquo;on cherche souvent la Maladie l\u00e0 o\u00f9 il n&rsquo;y a qu&rsquo;une maladresse du Jardinier. Heureusement, ce n&rsquo;est pas une affection tr\u00e8s Difficile \u00e0 soigner.<\/p>\n<p>&nbsp;&nbsp;&nbsp; Brutalement, votre Frangipanier voit une partie de son feuillage se d\u00e9colorer. Peu de temps apr\u00e8s, cette D\u00e9coloration laisse place \u00e0 un brunissement car les tissus de la feuille d\u00e9p\u00e9rissent. Ceux sont surtout les feuilles les plus grandes et les plus expos\u00e9es au soleil qui sont touch\u00e9es. Les feuilles de la plante situ\u00e9e du c\u00f4t\u00e9 oppos\u00e9 au soleil et les tr\u00e8s jeunes feuilles ne sont pas atteintes.<\/p>\n<p>&nbsp;&nbsp;&nbsp; Ce sympt\u00f4me s&rsquo;observe que dans deux cas : sur une plante que l&rsquo;on a chang\u00e9e de Place (comme les plantes en pots que l&rsquo;on sort au printemps) ou selon les cas apr\u00e8s une taille s\u00e9v\u00e8re des Plantes Voisines.<\/p>\n<p>&nbsp;&nbsp;&nbsp; La Br\u00fblure occasionn\u00e9e par un exc\u00e8s de Soleil se manifeste tr\u00e8s vite mais pas de fa\u00e7on Imm\u00e9diate. Selon la Physiologie de la plante, la br\u00fblure peut se d\u00e9velopper le jour m\u00eame ou plus tardivement. Les plantes qui ont un feuillage fin et clair montrent notamment des signes de br\u00fblure d\u00e8s la premi\u00e8re journ\u00e9e de soleil excessif. <br>&nbsp;&nbsp;&nbsp; Comme les V\u00e9g\u00e9taux poss\u00e8dent une certaine capacit\u00e9 d&rsquo;adaptation, le jeune feuillage en cours de formation ne subira pas ce probl\u00e8me. <br>La br\u00fblure du soleil est donc un probl\u00e8me transitoire. Oufff !!<\/p>\n<h2><span style=\"color: #9cd9ac;\"><b>Comment Lutter ?<\/b><\/span><\/h2>\n<p>Une fois que les Br\u00fblures sont pr\u00e9sentes, il vaut mieux ne pas toucher aux feuilles atteintes. Les enlever risquerait de faire br\u00fbler \u00e0 leur tour les feuilles situ\u00e9es en dessous et qui \u00e9taient prot\u00e9g\u00e9es. Placez une protection sur la plante afin de l&rsquo;adapter progressivement \u00e0 la lumi\u00e8re, par exemple en la couvrant d&rsquo;un voile que vous retirerez au fur et \u00e0 mesure ou si vous le pouvez, la d\u00e9placer \u00e0 l&rsquo;ombre directement. C&rsquo;est un signe qu&rsquo;elle vous envoie.<br><\/p>\n<h2><span style=\"color: #9cd9ac;\"><b>Comment l&rsquo;\u00e9viter ?<\/b><\/span><\/h2>\n<p>Lorsque vous sortez une plante \u00e0 l&rsquo;ext\u00e9rieur, ne la mettez pas tout de suite au Soleil. Placez-la d&rsquo;abord \u00e0 l&rsquo;ombre et rapprochez-la progressivement de la Pleine lumi\u00e8re, en deux ou trois semaines. Dans le cas de nos Frangipaniers, Nous vous pr\u00e9conisons de le mettre en plein soleil pour le printemps et arriv\u00e9s les premiers 30 degr\u00e9s, c&rsquo;est direction la Mi-Ombre.&nbsp; L&rsquo;id\u00e9al \u00abParfait\u00bb est Soleil jusqu&rsquo;\u00e0 11h et Ombre le reste du temps en Plein \u00e9t\u00e9.<br>Fin Ao\u00fbt, il peut refaire le plein d\u2019\u00c9nergie en plein soleil !!<\/p>\n<p><br><\/p>\n<p>L&rsquo;\u00e9quipe <a target=\"_blank\" href=\"https:\/\/www.plumeriapassion.com\">Plumeria passion<\/a><\/p>\n<p>Suivez nous sur <a href=\"https:\/\/www.facebook.com\/passionplumeria\/\" target=\"_blank\">facebook<\/a><\/p>\t\t\t\t\t<\/div>\n\t\t\t\t\t\t<\/div>\n\t\t\t\t<\/div>\n\t\t\t\t\t\t<\/div>\n\t\t\t\t\t<\/div>\n\t\t<\/div>\n\t\t\t\t\t\t\t\t<\/div>\n\t\t\t\t\t<\/div>\n\t\t<\/section>\n\t\t\t\t\t\t<\/div>\n\t\t\t\t\t\t<\/div>\n\t\t\t\t\t<\/div>\n\t\t","protected":false},"excerpt":{"rendered":"<p>Des Taches Claires qui Apparaissent sur le Feuillage, puis qui grillent ! Conseils entretien du frangipanier : \u00a0\u00a0\u00a0 Pour l&rsquo;entretien du frangipanier, l&rsquo;on cherche souvent la Maladie l\u00e0 o\u00f9 il n&rsquo;y a qu&rsquo;une maladresse du Jardinier. Heureusement, ce n&rsquo;est pas une affection tr\u00e8s Difficile \u00e0 soigner. Brutalement, votre Frangipanier voit une partie de son feuillage [&hellip;]<\/p>\n","protected":false},"author":6,"featured_media":0,"parent":0,"menu_order":0,"comment_status":"closed","ping_status":"closed","template":"","meta":{"jetpack_post_was_ever_published":false,"footnotes":""},"class_list":["post-1053","page","type-page","status-publish","hentry"],"yoast_head":"<!-- This site is optimized with the Yoast SEO plugin v24.8.1 - https:\/\/yoast.com\/wordpress\/plugins\/seo\/ -->\n<title>entretien du frangipanier - PLUMERIA PASSION - producteur<\/title>\n<meta name=\"description\" content=\"Tous nos conseils d&#039;entretien du frangipanier. PLUMERIA PASSION. Producteur de frangipanier du Sud de la France. Vente en ligne.\" \/>\n<meta name=\"robots\" content=\"index, follow, max-snippet:-1, max-image-preview:large, max-video-preview:-1\" \/>\n<link rel=\"canonical\" href=\"https:\/\/plumeriapassion.com\/index.php\/entretien-frangipanier\/\" \/>\n<meta property=\"og:locale\" content=\"fr_FR\" \/>\n<meta property=\"og:type\" content=\"article\" \/>\n<meta property=\"og:title\" content=\"entretien du frangipanier - PLUMERIA PASSION - producteur\" \/>\n<meta property=\"og:description\" content=\"Tous nos conseils d&#039;entretien du frangipanier. PLUMERIA PASSION. Producteur de frangipanier du Sud de la France. Vente en ligne.\" \/>\n<meta property=\"og:url\" content=\"https:\/\/plumeriapassion.com\/index.php\/entretien-frangipanier\/\" \/>\n<meta property=\"article:modified_time\" content=\"2019-07-26T06:51:31+00:00\" \/>\n<meta property=\"og:image\" content=\"https:\/\/plumeriapassion.com\/wp-content\/uploads\/2018\/11\/20181102_164704-768x1024.jpg\" \/>\n<meta name=\"twitter:card\" content=\"summary_large_image\" \/>\n<meta name=\"twitter:label1\" content=\"Dur\u00e9e de lecture estim\u00e9e\" \/>\n\t<meta name=\"twitter:data1\" content=\"2 minutes\" \/>\n<script type=\"application\/ld+json\" class=\"yoast-schema-graph\">{\"@context\":\"https:\/\/schema.org\",\"@graph\":[{\"@type\":\"WebPage\",\"@id\":\"https:\/\/plumeriapassion.com\/index.php\/entretien-frangipanier\/\",\"url\":\"https:\/\/plumeriapassion.com\/index.php\/entretien-frangipanier\/\",\"name\":\"entretien du frangipanier - PLUMERIA PASSION - producteur\",\"isPartOf\":{\"@id\":\"https:\/\/plumeriapassion.com\/#website\"},\"primaryImageOfPage\":{\"@id\":\"https:\/\/plumeriapassion.com\/index.php\/entretien-frangipanier\/#primaryimage\"},\"image\":{\"@id\":\"https:\/\/plumeriapassion.com\/index.php\/entretien-frangipanier\/#primaryimage\"},\"thumbnailUrl\":\"https:\/\/plumeriapassion.com\/wp-content\/uploads\/2018\/11\/20181102_164704-768x1024.jpg\",\"datePublished\":\"2019-07-22T11:45:57+00:00\",\"dateModified\":\"2019-07-26T06:51:31+00:00\",\"description\":\"Tous nos conseils d'entretien du frangipanier. PLUMERIA PASSION. Producteur de frangipanier du Sud de la France. Vente en ligne.\",\"breadcrumb\":{\"@id\":\"https:\/\/plumeriapassion.com\/index.php\/entretien-frangipanier\/#breadcrumb\"},\"inLanguage\":\"fr-FR\",\"potentialAction\":[{\"@type\":\"ReadAction\",\"target\":[\"https:\/\/plumeriapassion.com\/index.php\/entretien-frangipanier\/\"]}]},{\"@type\":\"ImageObject\",\"inLanguage\":\"fr-FR\",\"@id\":\"https:\/\/plumeriapassion.com\/index.php\/entretien-frangipanier\/#primaryimage\",\"url\":\"https:\/\/i0.wp.com\/plumeriapassion.com\/wp-content\/uploads\/2018\/11\/20181102_164704.jpg?fit=3024%2C4032&ssl=1\",\"contentUrl\":\"https:\/\/i0.wp.com\/plumeriapassion.com\/wp-content\/uploads\/2018\/11\/20181102_164704.jpg?fit=3024%2C4032&ssl=1\",\"width\":3024,\"height\":4032},{\"@type\":\"BreadcrumbList\",\"@id\":\"https:\/\/plumeriapassion.com\/index.php\/entretien-frangipanier\/#breadcrumb\",\"itemListElement\":[{\"@type\":\"ListItem\",\"position\":1,\"name\":\"Accueil\",\"item\":\"https:\/\/plumeriapassion.com\/\"},{\"@type\":\"ListItem\",\"position\":2,\"name\":\"Entretien frangipanier\"}]},{\"@type\":\"WebSite\",\"@id\":\"https:\/\/plumeriapassion.com\/#website\",\"url\":\"https:\/\/plumeriapassion.com\/\",\"name\":\"PLUMERIA PASSION\",\"description\":\"\",\"publisher\":{\"@id\":\"https:\/\/plumeriapassion.com\/#organization\"},\"potentialAction\":[{\"@type\":\"SearchAction\",\"target\":{\"@type\":\"EntryPoint\",\"urlTemplate\":\"https:\/\/plumeriapassion.com\/?s={search_term_string}\"},\"query-input\":{\"@type\":\"PropertyValueSpecification\",\"valueRequired\":true,\"valueName\":\"search_term_string\"}}],\"inLanguage\":\"fr-FR\"},{\"@type\":\"Organization\",\"@id\":\"https:\/\/plumeriapassion.com\/#organization\",\"name\":\"Plumeria Passion\",\"url\":\"https:\/\/plumeriapassion.com\/\",\"logo\":{\"@type\":\"ImageObject\",\"inLanguage\":\"fr-FR\",\"@id\":\"https:\/\/plumeriapassion.com\/#\/schema\/logo\/image\/\",\"url\":\"https:\/\/i2.wp.com\/plumeriapassion.com\/wp-content\/uploads\/2018\/04\/TEST-1.jpg?fit=781%2C495&ssl=1\",\"contentUrl\":\"https:\/\/i2.wp.com\/plumeriapassion.com\/wp-content\/uploads\/2018\/04\/TEST-1.jpg?fit=781%2C495&ssl=1\",\"width\":781,\"height\":495,\"caption\":\"Plumeria Passion\"},\"image\":{\"@id\":\"https:\/\/plumeriapassion.com\/#\/schema\/logo\/image\/\"},\"sameAs\":[\"https:\/\/www.instagram.com\/plumeriapassion\/\"]}]}<\/script>\n<!-- \/ Yoast SEO plugin. -->","yoast_head_json":{"title":"entretien du frangipanier - PLUMERIA PASSION - producteur","description":"Tous nos conseils d'entretien du frangipanier. PLUMERIA PASSION. Producteur de frangipanier du Sud de la France. Vente en ligne.","robots":{"index":"index","follow":"follow","max-snippet":"max-snippet:-1","max-image-preview":"max-image-preview:large","max-video-preview":"max-video-preview:-1"},"canonical":"https:\/\/plumeriapassion.com\/index.php\/entretien-frangipanier\/","og_locale":"fr_FR","og_type":"article","og_title":"entretien du frangipanier - PLUMERIA PASSION - producteur","og_description":"Tous nos conseils d'entretien du frangipanier. PLUMERIA PASSION. Producteur de frangipanier du Sud de la France. Vente en ligne.","og_url":"https:\/\/plumeriapassion.com\/index.php\/entretien-frangipanier\/","article_modified_time":"2019-07-26T06:51:31+00:00","og_image":[{"url":"https:\/\/plumeriapassion.com\/wp-content\/uploads\/2018\/11\/20181102_164704-768x1024.jpg","type":"","width":"","height":""}],"twitter_card":"summary_large_image","twitter_misc":{"Dur\u00e9e de lecture estim\u00e9e":"2 minutes"},"schema":{"@context":"https:\/\/schema.org","@graph":[{"@type":"WebPage","@id":"https:\/\/plumeriapassion.com\/index.php\/entretien-frangipanier\/","url":"https:\/\/plumeriapassion.com\/index.php\/entretien-frangipanier\/","name":"entretien du frangipanier - PLUMERIA PASSION - producteur","isPartOf":{"@id":"https:\/\/plumeriapassion.com\/#website"},"primaryImageOfPage":{"@id":"https:\/\/plumeriapassion.com\/index.php\/entretien-frangipanier\/#primaryimage"},"image":{"@id":"https:\/\/plumeriapassion.com\/index.php\/entretien-frangipanier\/#primaryimage"},"thumbnailUrl":"https:\/\/plumeriapassion.com\/wp-content\/uploads\/2018\/11\/20181102_164704-768x1024.jpg","datePublished":"2019-07-22T11:45:57+00:00","dateModified":"2019-07-26T06:51:31+00:00","description":"Tous nos conseils d'entretien du frangipanier. PLUMERIA PASSION. Producteur de frangipanier du Sud de la France. Vente en ligne.","breadcrumb":{"@id":"https:\/\/plumeriapassion.com\/index.php\/entretien-frangipanier\/#breadcrumb"},"inLanguage":"fr-FR","potentialAction":[{"@type":"ReadAction","target":["https:\/\/plumeriapassion.com\/index.php\/entretien-frangipanier\/"]}]},{"@type":"ImageObject","inLanguage":"fr-FR","@id":"https:\/\/plumeriapassion.com\/index.php\/entretien-frangipanier\/#primaryimage","url":"https:\/\/i0.wp.com\/plumeriapassion.com\/wp-content\/uploads\/2018\/11\/20181102_164704.jpg?fit=3024%2C4032&ssl=1","contentUrl":"https:\/\/i0.wp.com\/plumeriapassion.com\/wp-content\/uploads\/2018\/11\/20181102_164704.jpg?fit=3024%2C4032&ssl=1","width":3024,"height":4032},{"@type":"BreadcrumbList","@id":"https:\/\/plumeriapassion.com\/index.php\/entretien-frangipanier\/#breadcrumb","itemListElement":[{"@type":"ListItem","position":1,"name":"Accueil","item":"https:\/\/plumeriapassion.com\/"},{"@type":"ListItem","position":2,"name":"Entretien frangipanier"}]},{"@type":"WebSite","@id":"https:\/\/plumeriapassion.com\/#website","url":"https:\/\/plumeriapassion.com\/","name":"PLUMERIA PASSION","description":"","publisher":{"@id":"https:\/\/plumeriapassion.com\/#organization"},"potentialAction":[{"@type":"SearchAction","target":{"@type":"EntryPoint","urlTemplate":"https:\/\/plumeriapassion.com\/?s={search_term_string}"},"query-input":{"@type":"PropertyValueSpecification","valueRequired":true,"valueName":"search_term_string"}}],"inLanguage":"fr-FR"},{"@type":"Organization","@id":"https:\/\/plumeriapassion.com\/#organization","name":"Plumeria Passion","url":"https:\/\/plumeriapassion.com\/","logo":{"@type":"ImageObject","inLanguage":"fr-FR","@id":"https:\/\/plumeriapassion.com\/#\/schema\/logo\/image\/","url":"https:\/\/i2.wp.com\/plumeriapassion.com\/wp-content\/uploads\/2018\/04\/TEST-1.jpg?fit=781%2C495&ssl=1","contentUrl":"https:\/\/i2.wp.com\/plumeriapassion.com\/wp-content\/uploads\/2018\/04\/TEST-1.jpg?fit=781%2C495&ssl=1","width":781,"height":495,"caption":"Plumeria Passion"},"image":{"@id":"https:\/\/plumeriapassion.com\/#\/schema\/logo\/image\/"},"sameAs":["https:\/\/www.instagram.com\/plumeriapassion\/"]}]}},"jetpack_sharing_enabled":true,"jetpack_shortlink":"https:\/\/wp.me\/P9PiFE-gZ","jetpack_likes_enabled":true,"jetpack-related-posts":[],"_links":{"self":[{"href":"https:\/\/plumeriapassion.com\/index.php\/wp-json\/wp\/v2\/pages\/1053","targetHints":{"allow":["GET"]}}],"collection":[{"href":"https:\/\/plumeriapassion.com\/index.php\/wp-json\/wp\/v2\/pages"}],"about":[{"href":"https:\/\/plumeriapassion.com\/index.php\/wp-json\/wp\/v2\/types\/page"}],"author":[{"embeddable":true,"href":"https:\/\/plumeriapassion.com\/index.php\/wp-json\/wp\/v2\/users\/6"}],"replies":[{"embeddable":true,"href":"https:\/\/plumeriapassion.com\/index.php\/wp-json\/wp\/v2\/comments?post=1053"}],"version-history":[{"count":13,"href":"https:\/\/plumeriapassion.com\/index.php\/wp-json\/wp\/v2\/pages\/1053\/revisions"}],"predecessor-version":[{"id":1075,"href":"https:\/\/plumeriapassion.com\/index.php\/wp-json\/wp\/v2\/pages\/1053\/revisions\/1075"}],"wp:attachment":[{"href":"https:\/\/plumeriapassion.com\/index.php\/wp-json\/wp\/v2\/media?parent=1053"}],"curies":[{"name":"wp","href":"https:\/\/api.w.org\/{rel}","templated":true}]}}